{"id":98,"date":"2022-03-18T20:48:30","date_gmt":"2022-03-18T20:48:30","guid":{"rendered":"http:\/\/fastwpdemo.com\/newwp\/amping\/?page_id=98"},"modified":"2025-09-08T15:40:16","modified_gmt":"2025-09-08T15:40:16","slug":"kontakt","status":"publish","type":"page","link":"https:\/\/informatikaprodeti.cz\/en\/kontakt\/","title":{"rendered":"Kontakt"},"content":{"rendered":"<div data-elementor-type=\"wp-page\" data-elementor-id=\"98\" class=\"elementor elementor-98\">\n\t\t\t\t\t\t<section class=\"elementor-section elementor-top-section elementor-element elementor-element-0f0bef6 elementor-section-full_width elementor-section-height-default elementor-section-height-default\" data-id=\"0f0bef6\" data-element_type=\"section\" data-e-type=\"section\">\n\t\t\t\t\t\t<div class=\"elementor-container elementor-column-gap-default\">\n\t\t\t\t\t<div class=\"elementor-column elementor-col-100 elementor-top-column elementor-element elementor-element-3ba6df5\" data-id=\"3ba6df5\" data-element_type=\"column\" data-e-type=\"column\">\n\t\t\t<div class=\"elementor-widget-wrap elementor-element-populated\">\n\t\t\t\t\t\t<div class=\"elementor-element elementor-element-d5a3cbc elementor-widget elementor-widget-amping_contact_us\" data-id=\"d5a3cbc\" data-element_type=\"widget\" data-e-type=\"widget\" data-widget_type=\"amping_contact_us.default\">\n\t\t\t\t<div class=\"elementor-widget-container\">\n\t\t\t\t\t\t\n\t<!-- contact-section -->\n\t<section class=\"contact-section\">\n\t\t<div class=\"auto-container\">\n\t\t\t<div class=\"row clearfix\">\n\t\t\t\t<div class=\"col-lg-5 col-md-12 col-sm-12 content-column\">\n\t\t\t\t\t<div class=\"content_block_six\">\n\t\t\t\t\t\t<div class=\"content-box\">\n\t\t\t\t\t\t\t\t\t\t\t\t\t\t<div class=\"sec-title\">\n\t\t\t\t\t\t\t\t<span class=\"sub-title\">EDUKRO, z. s. - Informatika pro d\u011bti<\/span>\t\t\t\t\t\t\t\t<h2>Napi\u0161te n\u00e1m<\/h2>\t\t\t\t\t\t\t\t<p><strong>EDUKRO z. s.<\/strong><br>\n<strong>I\u010c<\/strong>: 22269576<br>\n<strong>Bankovn\u00ed spojen\u00ed<\/strong>: 272937681\/0600\n<\/p>\t\t\t\t\t\t\t<\/div>\n\t\t\t\t\t\t\t\t\t\t\t\t\t\t<div class=\"inner-box\">\n\t\t\t\t\t\t\t\t\t\t\t\t\t\t\t\t<div class=\"single-item\">\n\t\t\t\t\t\t\t\t\t<div class=\"icon-box\"><i class=\"icon flaticon-open-envelope\"><\/i><\/div>\t\t\t\t\t\t\t\t\t<p>Napi\u0161te<\/p>\t\t\t\t\t\t\t\t\t<h3><a href=\"mailto:info@informatikaprodeti.cz\">info@informatikaprodeti.cz<\/a><\/h3>\t\t\t\t\t\t\t\t<\/div>\n\t\t\t\t\t\t\t\t\t\t\t\t\t\t\t\t<div class=\"single-item\">\n\t\t\t\t\t\t\t\t\t<div class=\"icon-box\"><i class=\"icon flaticon-phone\"><\/i><\/div>\t\t\t\t\t\t\t\t\t<p>Zavolejte<\/p>\t\t\t\t\t\t\t\t\t<h3><a href=\"tel:+420721101198\">+420 721 101 198<\/a><\/h3>\t\t\t\t\t\t\t\t<\/div>\n\t\t\t\t\t\t\t\t\t\t\t\t\t\t\t<\/div>\n\t\t\t\t\t\t<\/div>\n\t\t\t\t\t<\/div>\n\t\t\t\t<\/div>\n\t\t\t\t<div class=\"col-lg-7 col-md-12 col-sm-12 form-column\">\n\t\t\t\t\t<div class=\"form-inner\">\n\t\t\t\t\t\t<div class=\"default-form\">\n\t\t\t\t\t\t\t\n<div class=\"wpcf7 no-js\" id=\"wpcf7-f734-o1\" lang=\"en-US\" dir=\"ltr\" data-wpcf7-id=\"734\">\n<div class=\"screen-reader-response\"><p role=\"status\" aria-live=\"polite\" aria-atomic=\"true\"><\/p> <ul><\/ul><\/div>\n<form action=\"\/en\/wp-json\/wp\/v2\/pages\/98#wpcf7-f734-o1\" method=\"post\" class=\"wpcf7-form init\" aria-label=\"Contact form\" novalidate=\"novalidate\" data-status=\"init\" data-trp-original-action=\"\/en\/wp-json\/wp\/v2\/pages\/98#wpcf7-f734-o1\">\n<fieldset class=\"hidden-fields-container\"><input type=\"hidden\" name=\"_wpcf7\" value=\"734\" \/><input type=\"hidden\" name=\"_wpcf7_version\" value=\"6.1\" \/><input type=\"hidden\" name=\"_wpcf7_locale\" value=\"en_US\" \/><input type=\"hidden\" name=\"_wpcf7_unit_tag\" value=\"wpcf7-f734-o1\" \/><input type=\"hidden\" name=\"_wpcf7_container_post\" value=\"0\" \/><input type=\"hidden\" name=\"_wpcf7_posted_data_hash\" value=\"\" \/><input type=\"hidden\" name=\"_wpcf7_recaptcha_response\" value=\"\" \/>\n<\/fieldset>\n<div class=\"row clearfix\">\n\t<div class=\"col-lg-6 col-md-6 col-sm-12 form-group\">\n\t\t<p><span class=\"wpcf7-form-control-wrap\" data-name=\"text-795\"><input size=\"40\" maxlength=\"400\" class=\"wpcf7-form-control wpcf7-text wpcf7-validates-as-required\" aria-required=\"true\" aria-invalid=\"false\" placeholder=\"Jm\u00e9no\" value=\"\" type=\"text\" name=\"text-795\" \/><\/span>\n\t\t<\/p>\n\t<\/div>\n\t<div class=\"col-lg-6 col-md-6 col-sm-12 form-group\">\n\t\t<p><span class=\"wpcf7-form-control-wrap\" data-name=\"email-668\"><input size=\"40\" maxlength=\"400\" class=\"wpcf7-form-control wpcf7-email wpcf7-validates-as-required wpcf7-text wpcf7-validates-as-email\" aria-required=\"true\" aria-invalid=\"false\" placeholder=\"Email\" value=\"\" type=\"email\" name=\"email-668\" \/><\/span>\n\t\t<\/p>\n\t<\/div>\n\t<div class=\"col-lg-6 col-md-12 col-sm-12 form-group\">\n\t\t<p><span class=\"wpcf7-form-control-wrap\" data-name=\"text-796\"><input size=\"40\" maxlength=\"400\" class=\"wpcf7-form-control wpcf7-text wpcf7-validates-as-required\" aria-required=\"true\" aria-invalid=\"false\" placeholder=\"Mobil\" value=\"\" type=\"text\" name=\"text-796\" \/><\/span>\n\t\t<\/p>\n\t<\/div>\n\t<div class=\"col-lg-6 col-md-12 col-sm-12 form-group\">\n\t\t<p><span class=\"wpcf7-form-control-wrap\" data-name=\"text-797\"><input size=\"40\" maxlength=\"400\" class=\"wpcf7-form-control wpcf7-text wpcf7-validates-as-required\" aria-required=\"true\" aria-invalid=\"false\" placeholder=\"O co se jedn\u00e1?\" value=\"\" type=\"text\" name=\"text-797\" \/><\/span>\n\t\t<\/p>\n\t<\/div>\n\t<div class=\"col-lg-12 col-md-12 col-sm-12 form-group\">\n\t\t<p><span class=\"wpcf7-form-control-wrap\" data-name=\"textarea-931\"><textarea cols=\"40\" rows=\"10\" maxlength=\"2000\" class=\"wpcf7-form-control wpcf7-textarea wpcf7-validates-as-required\" aria-required=\"true\" aria-invalid=\"false\" placeholder=\"Zpr\u00e1va...\" name=\"textarea-931\"><\/textarea><\/span>\n\t\t<\/p>\n\t<\/div>\n\t<div class=\"col-lg-12 col-md-12 col-sm-12 form-group message-btn mr-0\">\n\t\t<p><button class=\"theme-btn btn-one\" type=\"submit\" name=\"submit-form\"><span>Odeslat zpr\u00e1vu<\/span><\/button>\n\t\t<\/p>\n\t<\/div>\n<\/div><p style=\"display: none !important;\"><label>&#916;<textarea name=\"_wpcf7_ak_hp_textarea\" cols=\"45\" rows=\"8\" maxlength=\"100\"><\/textarea><\/label><input type=\"hidden\" id=\"ak_js_1\" name=\"_wpcf7_ak_js\" value=\"7\"\/><script>document.getElementById( \"ak_js_1\" ).setAttribute( \"value\", ( new Date() ).getTime() );<\/script><\/p><div class=\"wpcf7-response-output\" aria-hidden=\"true\"><\/div>\n<input type=\"hidden\" name=\"trp-form-language\" value=\"en\"\/><\/form>\n<\/div>\n\t\t\t\t\t\t<\/div>\n\t\t\t\t\t<\/div>\n\t\t\t\t<\/div>\n\t\t\t<\/div>\n\t\t<\/div>\n\t<\/section>\n\t<!-- contact-section end -->\n\t\n\t\t\t\t\t<\/div>\n\t\t\t\t<\/div>\n\t\t\t\t\t<\/div>\n\t\t<\/div>\n\t\t\t\t\t<\/div>\n\t\t<\/section>\n\t\t\t\t<section class=\"elementor-section elementor-top-section elementor-element elementor-element-0a86536 elementor-section-full_width elementor-section-height-default elementor-section-height-default\" data-id=\"0a86536\" data-element_type=\"section\" data-e-type=\"section\">\n\t\t\t\t\t\t<div class=\"elementor-container elementor-column-gap-default\">\n\t\t\t\t\t<div class=\"elementor-column elementor-col-100 elementor-top-column elementor-element elementor-element-ca1c955\" data-id=\"ca1c955\" data-element_type=\"column\" data-e-type=\"column\">\n\t\t\t<div class=\"elementor-widget-wrap elementor-element-populated\">\n\t\t\t\t\t\t<div class=\"elementor-element elementor-element-34cf67e elementor-widget elementor-widget-amping_google_map\" data-id=\"34cf67e\" data-element_type=\"widget\" data-e-type=\"widget\" data-widget_type=\"amping_google_map.default\">\n\t\t\t\t<div class=\"elementor-widget-container\">\n\t\t\t\t\t\t\n\t<!-- google-map-section -->\n\t<section class=\"google-map-section\">\n\t\t<div class=\"shape\"  style=\"background-image: url(https:\/\/informatikaprodeti.cz\/wp-content\/uploads\/2022\/03\/shape-9.png);\"><\/div>\n\t\t<div class=\"map-inner\">\n\t\t\t<div class=\"google-map\">\n\t\t\t\t<iframe src=\"https:\/\/www.google.com\/maps\/embed?pb=!1m18!1m12!1m3!1d41632.12933342936!2d17.364904408748743!3d49.29519000518911!2m3!1f0!2f0!3f0!3m2!1i1024!2i768!4f13.1!3m3!1m2!1s0x4713065deb9e86c1%3A0x8deffaae4c23d8e6!2zT2J2b2RvdsOhIDM1MDMvNywgNzY3IDAxIEtyb23Em8WZw63Fvg!5e0!3m2!1scs!2scz!4v1669707429536!5m2!1scs!2scz\" width=\"600\" height=\"450\" style=\"border:0;\" allowfullscreen=\"\" loading=\"lazy\" referrerpolicy=\"no-referrer-when-downgrade\"><\/iframe>\t\t\t<\/div>\n\t\t<\/div>\n\t<\/section>\n\t<!-- google-map-section end -->\n\t\n    \t\t\t\t<\/div>\n\t\t\t\t<\/div>\n\t\t\t\t\t<\/div>\n\t\t<\/div>\n\t\t\t\t\t<\/div>\n\t\t<\/section>\n\t\t\t\t<\/div>","protected":false},"excerpt":{"rendered":"<p>EDUKRO, z. s. &#8211; Informatika pro d\u011bti Napi\u0161te n\u00e1m EDUKRO z. s. I\u010c: 22269576 Bankovn\u00ed spojen\u00ed: 272937681\/0600 Napi\u0161te info@informatikaprodeti.cz Zavolejte +420 721 101 198 Odeslat zpr\u00e1vu &#916;<\/p>","protected":false},"author":1,"featured_media":0,"parent":0,"menu_order":0,"comment_status":"closed","ping_status":"closed","template":"tpl-default-elementor.php","meta":{"footnotes":"","_links_to":"","_links_to_target":""},"class_list":["post-98","page","type-page","status-publish","hentry"],"yoast_head":"<!-- This site is optimized with the Yoast SEO plugin v27.4 - https:\/\/yoast.com\/product\/yoast-seo-wordpress\/ -->\n<title>EDUKRO, z. s. | Informatika pro d\u011bti v Krom\u011b\u0159\u00ed\u017ei<\/title>\n<meta name=\"description\" content=\"Informatika pro d\u011bti nab\u00edz\u00ed krou\u017eky programov\u00e1n\u00ed, p\u0159\u00edpravu na p\u0159ij\u00edmac\u00ed zkou\u0161ky S\u0160 a individu\u00e1ln\u00ed p\u0159\u00edpravu (dou\u010dov\u00e1n\u00ed) \u017e\u00e1k\u016f v Krom\u011b\u0159\u00ed\u017ei.\" \/>\n<meta name=\"robots\" content=\"index, follow, max-snippet:-1, max-image-preview:large, max-video-preview:-1\" \/>\n<link rel=\"canonical\" href=\"https:\/\/informatikaprodeti.cz\/en\/kontakt\/\" \/>\n<meta property=\"og:locale\" content=\"en_GB\" \/>\n<meta property=\"og:type\" content=\"article\" \/>\n<meta property=\"og:title\" content=\"Informatika pro d\u011bti v Krom\u011b\u0159\u00ed\u017ei\" \/>\n<meta property=\"og:description\" content=\"Informatika pro d\u011bti nab\u00edz\u00ed krou\u017eky programov\u00e1n\u00ed, p\u0159\u00edpravu na p\u0159ij\u00edmac\u00ed zkou\u0161ky S\u0160 a individu\u00e1ln\u00ed p\u0159\u00edpravu (dou\u010dov\u00e1n\u00ed) \u017e\u00e1k\u016f v Krom\u011b\u0159\u00ed\u017ei.\" \/>\n<meta property=\"og:url\" content=\"https:\/\/informatikaprodeti.cz\/en\/kontakt\/\" \/>\n<meta property=\"og:site_name\" content=\"EDUKRO, z. s. | Informatika pro d\u011bti\" \/>\n<meta property=\"article:publisher\" content=\"https:\/\/www.facebook.com\/informatikaprodeti\/\" \/>\n<meta property=\"article:modified_time\" content=\"2025-09-08T15:40:16+00:00\" \/>\n<meta property=\"og:image\" content=\"https:\/\/informatikaprodeti.cz\/wp-content\/uploads\/2023\/01\/1.png\" \/>\n\t<meta property=\"og:image:width\" content=\"1201\" \/>\n\t<meta property=\"og:image:height\" content=\"629\" \/>\n\t<meta property=\"og:image:type\" content=\"image\/png\" \/>\n<meta name=\"twitter:card\" content=\"summary_large_image\" \/>\n<meta name=\"twitter:label1\" content=\"Estimated reading time\" \/>\n\t<meta name=\"twitter:data1\" content=\"1 minute\" \/>\n<script type=\"application\/ld+json\" class=\"yoast-schema-graph\">{\"@context\":\"https:\\\/\\\/schema.org\",\"@graph\":[{\"@type\":\"WebPage\",\"@id\":\"https:\\\/\\\/informatikaprodeti.cz\\\/kontakt\\\/\",\"url\":\"https:\\\/\\\/informatikaprodeti.cz\\\/kontakt\\\/\",\"name\":\"EDUKRO, z. s. | Informatika pro d\u011bti v Krom\u011b\u0159\u00ed\u017ei\",\"isPartOf\":{\"@id\":\"https:\\\/\\\/informatikaprodeti.cz\\\/en\\\/#website\"},\"datePublished\":\"2022-03-18T20:48:30+00:00\",\"dateModified\":\"2025-09-08T15:40:16+00:00\",\"description\":\"Informatika pro d\u011bti nab\u00edz\u00ed krou\u017eky programov\u00e1n\u00ed, p\u0159\u00edpravu na p\u0159ij\u00edmac\u00ed zkou\u0161ky S\u0160 a individu\u00e1ln\u00ed p\u0159\u00edpravu (dou\u010dov\u00e1n\u00ed) \u017e\u00e1k\u016f v Krom\u011b\u0159\u00ed\u017ei.\",\"breadcrumb\":{\"@id\":\"https:\\\/\\\/informatikaprodeti.cz\\\/kontakt\\\/#breadcrumb\"},\"inLanguage\":\"en-GB\",\"potentialAction\":[{\"@type\":\"ReadAction\",\"target\":[\"https:\\\/\\\/informatikaprodeti.cz\\\/kontakt\\\/\"]}]},{\"@type\":\"BreadcrumbList\",\"@id\":\"https:\\\/\\\/informatikaprodeti.cz\\\/kontakt\\\/#breadcrumb\",\"itemListElement\":[{\"@type\":\"ListItem\",\"position\":1,\"name\":\"Dom\u016f\",\"item\":\"https:\\\/\\\/informatikaprodeti.cz\\\/\"},{\"@type\":\"ListItem\",\"position\":2,\"name\":\"Kontakt\"}]},{\"@type\":\"WebSite\",\"@id\":\"https:\\\/\\\/informatikaprodeti.cz\\\/en\\\/#website\",\"url\":\"https:\\\/\\\/informatikaprodeti.cz\\\/en\\\/\",\"name\":\"EDUKRO, z. s. | Informatika pro d\u011bti\",\"description\":\"Krou\u017eek informatiky, p\u0159\u00edprava na p\u0159ij\u00edmac\u00ed zkou\u0161ky a individu\u00e1ln\u00ed p\u0159\u00edprava\",\"publisher\":{\"@id\":\"https:\\\/\\\/informatikaprodeti.cz\\\/en\\\/#organization\"},\"potentialAction\":[{\"@type\":\"SearchAction\",\"target\":{\"@type\":\"EntryPoint\",\"urlTemplate\":\"https:\\\/\\\/informatikaprodeti.cz\\\/en\\\/?s={search_term_string}\"},\"query-input\":{\"@type\":\"PropertyValueSpecification\",\"valueRequired\":true,\"valueName\":\"search_term_string\"}}],\"inLanguage\":\"en-GB\"},{\"@type\":\"Organization\",\"@id\":\"https:\\\/\\\/informatikaprodeti.cz\\\/en\\\/#organization\",\"name\":\"EDUKRO, z. s. | Informatika pro d\u011bti\",\"url\":\"https:\\\/\\\/informatikaprodeti.cz\\\/en\\\/\",\"logo\":{\"@type\":\"ImageObject\",\"inLanguage\":\"en-GB\",\"@id\":\"https:\\\/\\\/informatikaprodeti.cz\\\/en\\\/#\\\/schema\\\/logo\\\/image\\\/\",\"url\":\"https:\\\/\\\/informatikaprodeti.cz\\\/wp-content\\\/uploads\\\/2022\\\/11\\\/IT_logo_TV_3.png\",\"contentUrl\":\"https:\\\/\\\/informatikaprodeti.cz\\\/wp-content\\\/uploads\\\/2022\\\/11\\\/IT_logo_TV_3.png\",\"width\":825,\"height\":226,\"caption\":\"EDUKRO, z. s. | Informatika pro d\u011bti\"},\"image\":{\"@id\":\"https:\\\/\\\/informatikaprodeti.cz\\\/en\\\/#\\\/schema\\\/logo\\\/image\\\/\"},\"sameAs\":[\"https:\\\/\\\/www.facebook.com\\\/informatikaprodeti\\\/\"]}]}<\/script>\n<!-- \/ Yoast SEO plugin. -->","yoast_head_json":{"title":"EDUKRO, z. s. | Informatika pro d\u011bti v Krom\u011b\u0159\u00ed\u017ei","description":"Informatika pro d\u011bti nab\u00edz\u00ed krou\u017eky programov\u00e1n\u00ed, p\u0159\u00edpravu na p\u0159ij\u00edmac\u00ed zkou\u0161ky S\u0160 a individu\u00e1ln\u00ed p\u0159\u00edpravu (dou\u010dov\u00e1n\u00ed) \u017e\u00e1k\u016f v Krom\u011b\u0159\u00ed\u017ei.","robots":{"index":"index","follow":"follow","max-snippet":"max-snippet:-1","max-image-preview":"max-image-preview:large","max-video-preview":"max-video-preview:-1"},"canonical":"https:\/\/informatikaprodeti.cz\/en\/kontakt\/","og_locale":"en_GB","og_type":"article","og_title":"Informatika pro d\u011bti v Krom\u011b\u0159\u00ed\u017ei","og_description":"Informatika pro d\u011bti nab\u00edz\u00ed krou\u017eky programov\u00e1n\u00ed, p\u0159\u00edpravu na p\u0159ij\u00edmac\u00ed zkou\u0161ky S\u0160 a individu\u00e1ln\u00ed p\u0159\u00edpravu (dou\u010dov\u00e1n\u00ed) \u017e\u00e1k\u016f v Krom\u011b\u0159\u00ed\u017ei.","og_url":"https:\/\/informatikaprodeti.cz\/en\/kontakt\/","og_site_name":"EDUKRO, z. s. | Informatika pro d\u011bti","article_publisher":"https:\/\/www.facebook.com\/informatikaprodeti\/","article_modified_time":"2025-09-08T15:40:16+00:00","og_image":[{"width":1201,"height":629,"url":"https:\/\/informatikaprodeti.cz\/wp-content\/uploads\/2023\/01\/1.png","type":"image\/png"}],"twitter_card":"summary_large_image","twitter_misc":{"Estimated reading time":"1 minute"},"schema":{"@context":"https:\/\/schema.org","@graph":[{"@type":"WebPage","@id":"https:\/\/informatikaprodeti.cz\/kontakt\/","url":"https:\/\/informatikaprodeti.cz\/kontakt\/","name":"EDUKRO, z. s. | Informatika pro d\u011bti v Krom\u011b\u0159\u00ed\u017ei","isPartOf":{"@id":"https:\/\/informatikaprodeti.cz\/en\/#website"},"datePublished":"2022-03-18T20:48:30+00:00","dateModified":"2025-09-08T15:40:16+00:00","description":"Informatika pro d\u011bti nab\u00edz\u00ed krou\u017eky programov\u00e1n\u00ed, p\u0159\u00edpravu na p\u0159ij\u00edmac\u00ed zkou\u0161ky S\u0160 a individu\u00e1ln\u00ed p\u0159\u00edpravu (dou\u010dov\u00e1n\u00ed) \u017e\u00e1k\u016f v Krom\u011b\u0159\u00ed\u017ei.","breadcrumb":{"@id":"https:\/\/informatikaprodeti.cz\/kontakt\/#breadcrumb"},"inLanguage":"en-GB","potentialAction":[{"@type":"ReadAction","target":["https:\/\/informatikaprodeti.cz\/kontakt\/"]}]},{"@type":"BreadcrumbList","@id":"https:\/\/informatikaprodeti.cz\/kontakt\/#breadcrumb","itemListElement":[{"@type":"ListItem","position":1,"name":"Dom\u016f","item":"https:\/\/informatikaprodeti.cz\/"},{"@type":"ListItem","position":2,"name":"Kontakt"}]},{"@type":"WebSite","@id":"https:\/\/informatikaprodeti.cz\/en\/#website","url":"https:\/\/informatikaprodeti.cz\/en\/","name":"EDUKRO, z. s. | Informatika pro d\u011bti","description":"Krou\u017eek informatiky, p\u0159\u00edprava na p\u0159ij\u00edmac\u00ed zkou\u0161ky a individu\u00e1ln\u00ed p\u0159\u00edprava","publisher":{"@id":"https:\/\/informatikaprodeti.cz\/en\/#organization"},"potentialAction":[{"@type":"SearchAction","target":{"@type":"EntryPoint","urlTemplate":"https:\/\/informatikaprodeti.cz\/en\/?s={search_term_string}"},"query-input":{"@type":"PropertyValueSpecification","valueRequired":true,"valueName":"search_term_string"}}],"inLanguage":"en-GB"},{"@type":"Organization","@id":"https:\/\/informatikaprodeti.cz\/en\/#organization","name":"EDUKRO, z. s. | Informatika pro d\u011bti","url":"https:\/\/informatikaprodeti.cz\/en\/","logo":{"@type":"ImageObject","inLanguage":"en-GB","@id":"https:\/\/informatikaprodeti.cz\/en\/#\/schema\/logo\/image\/","url":"https:\/\/informatikaprodeti.cz\/wp-content\/uploads\/2022\/11\/IT_logo_TV_3.png","contentUrl":"https:\/\/informatikaprodeti.cz\/wp-content\/uploads\/2022\/11\/IT_logo_TV_3.png","width":825,"height":226,"caption":"EDUKRO, z. s. | Informatika pro d\u011bti"},"image":{"@id":"https:\/\/informatikaprodeti.cz\/en\/#\/schema\/logo\/image\/"},"sameAs":["https:\/\/www.facebook.com\/informatikaprodeti\/"]}]}},"_links":{"self":[{"href":"https:\/\/informatikaprodeti.cz\/en\/wp-json\/wp\/v2\/pages\/98","targetHints":{"allow":["GET"]}}],"collection":[{"href":"https:\/\/informatikaprodeti.cz\/en\/wp-json\/wp\/v2\/pages"}],"about":[{"href":"https:\/\/informatikaprodeti.cz\/en\/wp-json\/wp\/v2\/types\/page"}],"author":[{"embeddable":true,"href":"https:\/\/informatikaprodeti.cz\/en\/wp-json\/wp\/v2\/users\/1"}],"replies":[{"embeddable":true,"href":"https:\/\/informatikaprodeti.cz\/en\/wp-json\/wp\/v2\/comments?post=98"}],"version-history":[{"count":40,"href":"https:\/\/informatikaprodeti.cz\/en\/wp-json\/wp\/v2\/pages\/98\/revisions"}],"predecessor-version":[{"id":3044,"href":"https:\/\/informatikaprodeti.cz\/en\/wp-json\/wp\/v2\/pages\/98\/revisions\/3044"}],"wp:attachment":[{"href":"https:\/\/informatikaprodeti.cz\/en\/wp-json\/wp\/v2\/media?parent=98"}],"curies":[{"name":"wp","href":"https:\/\/api.w.org\/{rel}","templated":true}]}}