{"id":81,"date":"2022-03-18T20:25:13","date_gmt":"2022-03-18T20:25:13","guid":{"rendered":"http:\/\/fastwpdemo.com\/newwp\/amping\/?page_id=81"},"modified":"2025-05-29T21:47:14","modified_gmt":"2025-05-29T21:47:14","slug":"individualni-priprava","status":"publish","type":"page","link":"https:\/\/informatikaprodeti.cz\/en\/individualni-priprava\/","title":{"rendered":"Individu\u00e1ln\u00ed p\u0159\u00edprava"},"content":{"rendered":"<div data-elementor-type=\"wp-page\" data-elementor-id=\"81\" class=\"elementor elementor-81\">\n\t\t\t\t\t\t<section class=\"elementor-section elementor-top-section elementor-element elementor-element-69f0c70 elementor-section-full_width elementor-section-height-default elementor-section-height-default\" data-id=\"69f0c70\" data-element_type=\"section\" data-e-type=\"section\">\n\t\t\t\t\t\t<div class=\"elementor-container elementor-column-gap-default\">\n\t\t\t\t\t<div class=\"elementor-column elementor-col-100 elementor-top-column elementor-element elementor-element-bc6c9f7\" data-id=\"bc6c9f7\" data-element_type=\"column\" data-e-type=\"column\">\n\t\t\t<div class=\"elementor-widget-wrap elementor-element-populated\">\n\t\t\t\t\t\t<div class=\"elementor-element elementor-element-aa51c3d elementor-widget elementor-widget-amping_service_details\" data-id=\"aa51c3d\" data-element_type=\"widget\" data-e-type=\"widget\" data-widget_type=\"amping_service_details.default\">\n\t\t\t\t<div class=\"elementor-widget-container\">\n\t\t\t\t\t\t\n\t<!-- activities-details -->\n\t<section class=\"activities-details\">\n\t\t<div class=\"auto-container\">\n\t\t\t<div class=\"row clearfix\">\n\t\t\t\t\t\t\t\t<div class=\"col-lg-4 col-md-12 col-sm-12 sidebar-side\">\n\t\t\t\t\t<div class=\"activities-sidebar\">\n\t\t\t\t\t\t<div id=\"nav_menu-2\" class=\"service-widget widget_nav_menu\"><div class=\"menu-nabidka-sluzeb-container\"><ul id=\"menu-nabidka-sluzeb\" class=\"menu\"><li id=\"menu-item-1081\" class=\"menu-item menu-item-type-post_type menu-item-object-page menu-item-1081\"><a href=\"https:\/\/informatikaprodeti.cz\/en\/krouzek-programovani\/\">Krou\u017eek programov\u00e1n\u00ed<\/a><\/li>\n<li id=\"menu-item-1079\" class=\"menu-item menu-item-type-post_type menu-item-object-page menu-item-1079\"><a href=\"https:\/\/informatikaprodeti.cz\/en\/individualni-priprava\/\">Individu\u00e1ln\u00ed p\u0159\u00edprava<\/a><\/li>\n<\/ul><\/div><\/div><div id=\"block-10\" class=\"service-widget widget_block\"><br><br><\/div>\t\t\t\t\t<\/div>\n\t\t\t\t<\/div>\n\t\t\t\t\t\t\t\t<div class=\"col-lg-8 col-md-12 col-sm-12 content-side\">\n\t\t\t\t\t<div class=\"activities-details-content\">\n\t\t\t\t\t\t<div class=\"content-one centred\">\n\t\t\t\t\t\t\t\t\t\t\t\t\t\t<div class=\"lower-box\">\n\t\t\t\t\t\t\t\t\t\t\t\t\t\t\t\t<div class=\"icon-box\">\n\t\t\t\t\t\t\t\t\t<div class=\"shape\" style=\"background-image: url(https:\/\/informatikaprodeti.cz\/wp-content\/themes\/amping\/assets\/images\/shape\/shape-6.png);\"><\/div>\n\t\t\t\t\t\t\t\t\t<i class=\"fa fa-user-friends\"><\/i>\n\t\t\t\t\t\t\t\t<\/div>\n\t\t\t\t\t\t\t\t\t\t\t\t\t\t\t\t<h2>Individu\u00e1ln\u00ed p\u0159\u00edprava (dou\u010dov\u00e1n\u00ed)<\/h2>\t\t\t\t\t\t\t\t\t\t\t\t\t\t\t\t<div class=\"text\">\n\t\t\t\t\t\t\t\t\t<p>\u010cekaj\u00ed t\u011b talentov\u00e9, nebo p\u0159ij\u00edmac\u00ed zkou\u0161ky z informatiky? Nejsi si jist\u00fd, zda jsi na n\u011b p\u0159iraven? Pot\u0159ebuje\u0161 individu\u00e1ln\u00ed p\u0159\u00edstup a pomoc ve specifick\u00fdch oblastech informatiky? <br><br>R\u00e1di ti pom\u016f\u017eeme a p\u0159izp\u016fsob\u00edme ti v\u00fduku p\u0159\u00edmo na m\u00edru.<\/p>\t\t\t\t\t\t\t\t<\/div>\n\t\t\t\t\t\t\t\t\t\t\t\t\t\t\t<\/div>\n\t\t\t\t\t\t<\/div>\n\t\t\t\t\t\t<div class=\"content-two\">\n\t\t\t\t\t\t\t<div class=\"row clearfix\">\n\t\t\t\t\t\t\t\t\t\t\t\t\t\t\t\t<div class=\"col-lg-6 col-md-6 col-sm-12 image-column\">\n\t\t\t\t\t\t\t\t\t<figure class=\"image-box\"><img decoding=\"async\" src=\"https:\/\/informatikaprodeti.cz\/wp-content\/uploads\/2023\/01\/90705561-5558-4d53-9cce-97293f769491.jpg\" alt=\"Awesome Image\"><\/figure>\n\t\t\t\t\t\t\t\t<\/div>\n\t\t\t\t\t\t\t\t\t\t\t\t\t\t\t\t<div class=\"col-lg-6 col-md-6 col-sm-12 text-column\">\n\t\t\t\t\t\t\t\t\t<div class=\"text-inner\">\n\t\t\t\t\t\t\t\t\t\t<h2>Z\u00e1kladn\u00ed info<\/h2>\t\t\t\t\t\t\t\t\t\t\t\t\t\t\t\t\t\t\t\t\t\t\t\t\t\t\t\t\t\t<ul class=\"list-style-one clearfix\">\n\t\t\t\t\t\t\t\t\t\t\t\t\t\t\t\t\t\t\t\t   <li>D\u00e9lka dou\u010dov\u00e1n\u00ed: <strong>individu\u00e1ln\u00ed<\/strong><\/li>\n\t\t\t\t\t\t\t\t\t\t\t\t\t\t\t\t\t\t\t\t   <li>Term\u00edn: <strong>dle domluvy<\/strong><\/li>\n\t\t\t\t\t\t\t\t\t\t\t\t\t\t\t\t\t\t\t\t   <li>M\u00edsto: <strong>dle domluvy<\/strong><\/li>\n\t\t\t\t\t\t\t\t\t\t\t\t\t\t\t\t\t\t\t\t   <li>Kapacita: <strong>max. 2 \u017e\u00e1ci<\/strong><\/li>\n\t\t\t\t\t\t\t\t\t\t\t\t\t\t\t\t\t\t\t\t   <li>Cena:<strong> 400 K\u010d \/ 60 minut<\/strong><\/li>\n\t\t\t\t\t\t\t\t\t\t\t\t\t\t\t\t\t\t\t\t<\/ul>\n\t\t\t\t\t\t\t\t\t\t\t\t\t\t\t\t\t\t\t<\/div>\n\t\t\t\t\t\t\t\t<\/div>\n\t\t\t\t\t\t\t<\/div>\n\t\t\t\t\t\t<\/div>\n\t\t\t\t\t\t<div class=\"content-three\">\n\t\t\t\t\t\t\t<ul class=\"accordion-box\">\n\t\t\t\t\t\t\t\t\t\t\t\t\t\t\t\t<li class=\"accordion block active-block\">\n\t\t\t\t\t\t\t\t\t<div class=\"acc-btn active\">\n\t\t\t\t\t\t\t\t\t\t<div class=\"icon-outer\"><\/div>\n\t\t\t\t\t\t\t\t\t\t<h5>Pro\u010d individu\u00e1ln\u00ed v\u00fduka?<\/h5>\n\t\t\t\t\t\t\t\t\t<\/div>\n\t\t\t\t\t\t\t\t\t<div class=\"acc-content current\">\n\t\t\t\t\t\t\t\t\t\t<div class=\"text\">\n\t\t\t\t\t\t\t\t\t\t\t<p>Je ov\u011b\u0159eno, \u017ee funguje! Doporu\u010dujeme ji p\u0159edev\u0161\u00edm d\u011btem, kte\u0159\u00ed ve v\u00fduce nest\u00edhaj\u00ed nebo se p\u0159ipravuj\u00ed na p\u0159ij\u00edmac\u00ed zkou\u0161ky, p\u0159\u00edpadn\u011b talentovou pr\u00e1ci a vyhovuje jim individu\u00e1ln\u00ed p\u0159\u00edstup.  <\/p>\n\t\t\t\t\t\t\t\t\t\t<\/div>\n\t\t\t\t\t\t\t\t\t<\/div>\n\t\t\t\t\t\t\t\t<\/li>\n\t\t\t\t\t\t\t\t\t\t\t\t\t\t\t\t<li class=\"accordion block\">\n\t\t\t\t\t\t\t\t\t<div class=\"acc-btn\">\n\t\t\t\t\t\t\t\t\t\t<div class=\"icon-outer\"><\/div>\n\t\t\t\t\t\t\t\t\t\t<h5>Co v\u0161echno dou\u010dujeme?<\/h5>\n\t\t\t\t\t\t\t\t\t<\/div>\n\t\t\t\t\t\t\t\t\t<div class=\"acc-content\">\n\t\t\t\t\t\t\t\t\t\t<div class=\"text\">\n\t\t\t\t\t\t\t\t\t\t\t<p>Jsme schopni zajitit v\u0161echny oblasti informatiky. N\u00e1pl\u0148 je v\u017edy p\u0159izp\u016fsobena do individu\u00e1ln\u00ed podoby a pot\u0159eb \u017e\u00e1ka. <\/p>\n\t\t\t\t\t\t\t\t\t\t<\/div>\n\t\t\t\t\t\t\t\t\t<\/div>\n\t\t\t\t\t\t\t\t<\/li>\n\t\t\t\t\t\t\t\t\t\t\t\t\t\t\t<\/ul>\n\t\t\t\t\t\t<\/div>\n\t\t\t\t\t<\/div>\n\t\t\t\t<\/div>\n\t\t\t<\/div>\n\t\t<\/div>\n\t<\/section>\n\t<!-- activities-details end -->\n                \n\t\t\t\t\t<\/div>\n\t\t\t\t<\/div>\n\t\t\t\t\t<\/div>\n\t\t<\/div>\n\t\t\t\t\t<\/div>\n\t\t<\/section>\n\t\t\t\t<section class=\"elementor-section elementor-top-section elementor-element elementor-element-7fe7d4d elementor-section-full_width elementor-section-height-default elementor-section-height-default\" data-id=\"7fe7d4d\" data-element_type=\"section\" data-e-type=\"section\">\n\t\t\t\t\t\t<div class=\"elementor-container elementor-column-gap-default\">\n\t\t\t\t\t<div class=\"elementor-column elementor-col-100 elementor-top-column elementor-element elementor-element-555c353\" data-id=\"555c353\" data-element_type=\"column\" data-e-type=\"column\" data-settings=\"{&quot;background_background&quot;:&quot;classic&quot;}\">\n\t\t\t<div class=\"elementor-widget-wrap elementor-element-populated\">\n\t\t\t\t\t\t<div class=\"elementor-element elementor-element-0d83438 elementor-widget elementor-widget-amping_call_to_action\" data-id=\"0d83438\" data-element_type=\"widget\" data-e-type=\"widget\" data-widget_type=\"amping_call_to_action.default\">\n\t\t\t\t<div class=\"elementor-widget-container\">\n\t\t\t\t\t\n    <!-- cta-section -->\n\t<section class=\"cta-section\">\n\t\t<div class=\"auto-container\">\n\t\t\t<div class=\"inner-container\">\n\t\t\t\t\t\t\t\t<div class=\"text\">\n\t\t\t\t\t<h2>M\u00e1te z\u00e1jem o dou\u010dov\u00e1n\u00ed?<\/h2>\n\t\t\t\t<\/div>\n\t\t\t\t\t\t\t\t\t\t\t\t<div class=\"btn-box\">\n\t\t\t\t\t<a href=\"https:\/\/informatikaprodeti.cz\/kontakt\" class=\"theme-btn btn-one\">Napi\u0161te n\u00e1m<\/a>\n\t\t\t\t<\/div>\n\t\t\t\t\t\t\t<\/div>\n\t\t<\/div>\n\t<\/section>\n\t<!-- cta-section end -->\n                \n\t\t\t\t\t<\/div>\n\t\t\t\t<\/div>\n\t\t\t\t\t<\/div>\n\t\t<\/div>\n\t\t\t\t\t<\/div>\n\t\t<\/section>\n\t\t\t\t<\/div>","protected":false},"excerpt":{"rendered":"<p>Krou\u017eek programov\u00e1n\u00ed P\u0159\u00edprava na p\u0159ij\u00edmac\u00ed zkou\u0161ky Individu\u00e1ln\u00ed p\u0159\u00edprava &nbsp; Individu\u00e1ln\u00ed p\u0159\u00edprava (dou\u010dov\u00e1n\u00ed) \u010cekaj\u00ed t\u011b talentov\u00e9, nebo p\u0159ij\u00edmac\u00ed zkou\u0161ky z informatiky? Nejsi si jist\u00fd, zda jsi na n\u011b p\u0159iraven? Pot\u0159ebuje\u0161 individu\u00e1ln\u00ed p\u0159\u00edstup a pomoc ve specifick\u00fdch oblastech informatiky? R\u00e1di ti pom\u016f\u017eeme a p\u0159izp\u016fsob\u00edme ti v\u00fduku p\u0159\u00edmo na m\u00edru. Z\u00e1kladn\u00ed info D\u00e9lka dou\u010dov\u00e1n\u00ed: individu\u00e1ln\u00ed Term\u00edn: dle domluvy [&hellip;]<\/p>","protected":false},"author":1,"featured_media":0,"parent":0,"menu_order":0,"comment_status":"closed","ping_status":"closed","template":"tpl-default-elementor.php","meta":{"footnotes":"","_links_to":"","_links_to_target":""},"class_list":["post-81","page","type-page","status-publish","hentry"],"yoast_head":"<!-- This site is optimized with the Yoast SEO plugin v27.4 - https:\/\/yoast.com\/product\/yoast-seo-wordpress\/ -->\n<title>EDUKRO, z. s. | Informatika pro d\u011bti v Krom\u011b\u0159\u00ed\u017ei<\/title>\n<meta name=\"description\" content=\"Informatika pro d\u011bti nab\u00edz\u00ed krou\u017eky programov\u00e1n\u00ed, p\u0159\u00edpravu na p\u0159ij\u00edmac\u00ed zkou\u0161ky S\u0160 a individu\u00e1ln\u00ed p\u0159\u00edpravu (dou\u010dov\u00e1n\u00ed) \u017e\u00e1k\u016f v Krom\u011b\u0159\u00ed\u017ei.\" \/>\n<meta name=\"robots\" content=\"index, follow, max-snippet:-1, max-image-preview:large, max-video-preview:-1\" \/>\n<link rel=\"canonical\" href=\"https:\/\/informatikaprodeti.cz\/en\/individualni-priprava\/\" \/>\n<meta property=\"og:locale\" content=\"en_GB\" \/>\n<meta property=\"og:type\" content=\"article\" \/>\n<meta property=\"og:title\" content=\"Informatika pro d\u011bti v Krom\u011b\u0159\u00ed\u017ei\" \/>\n<meta property=\"og:description\" content=\"Informatika pro d\u011bti nab\u00edz\u00ed krou\u017eky programov\u00e1n\u00ed, p\u0159\u00edpravu na p\u0159ij\u00edmac\u00ed zkou\u0161ky S\u0160 a individu\u00e1ln\u00ed p\u0159\u00edpravu (dou\u010dov\u00e1n\u00ed) \u017e\u00e1k\u016f v Krom\u011b\u0159\u00ed\u017ei.\" \/>\n<meta property=\"og:url\" content=\"https:\/\/informatikaprodeti.cz\/en\/individualni-priprava\/\" \/>\n<meta property=\"og:site_name\" content=\"EDUKRO, z. s. | Informatika pro d\u011bti\" \/>\n<meta property=\"article:publisher\" content=\"https:\/\/www.facebook.com\/informatikaprodeti\/\" \/>\n<meta property=\"article:modified_time\" content=\"2025-05-29T21:47:14+00:00\" \/>\n<meta property=\"og:image\" content=\"https:\/\/informatikaprodeti.cz\/wp-content\/uploads\/2023\/01\/1.png\" \/>\n\t<meta property=\"og:image:width\" content=\"1201\" \/>\n\t<meta property=\"og:image:height\" content=\"629\" \/>\n\t<meta property=\"og:image:type\" content=\"image\/png\" \/>\n<meta name=\"twitter:card\" content=\"summary_large_image\" \/>\n<meta name=\"twitter:label1\" content=\"Estimated reading time\" \/>\n\t<meta name=\"twitter:data1\" content=\"1 minute\" \/>\n<script type=\"application\/ld+json\" class=\"yoast-schema-graph\">{\"@context\":\"https:\\\/\\\/schema.org\",\"@graph\":[{\"@type\":\"WebPage\",\"@id\":\"https:\\\/\\\/informatikaprodeti.cz\\\/individualni-priprava\\\/\",\"url\":\"https:\\\/\\\/informatikaprodeti.cz\\\/individualni-priprava\\\/\",\"name\":\"EDUKRO, z. s. | Informatika pro d\u011bti v Krom\u011b\u0159\u00ed\u017ei\",\"isPartOf\":{\"@id\":\"https:\\\/\\\/informatikaprodeti.cz\\\/en\\\/#website\"},\"primaryImageOfPage\":{\"@id\":\"https:\\\/\\\/informatikaprodeti.cz\\\/individualni-priprava\\\/#primaryimage\"},\"image\":{\"@id\":\"https:\\\/\\\/informatikaprodeti.cz\\\/individualni-priprava\\\/#primaryimage\"},\"thumbnailUrl\":\"https:\\\/\\\/informatikaprodeti.cz\\\/wp-content\\\/uploads\\\/2023\\\/01\\\/90705561-5558-4d53-9cce-97293f769491.jpg\",\"datePublished\":\"2022-03-18T20:25:13+00:00\",\"dateModified\":\"2025-05-29T21:47:14+00:00\",\"description\":\"Informatika pro d\u011bti nab\u00edz\u00ed krou\u017eky programov\u00e1n\u00ed, p\u0159\u00edpravu na p\u0159ij\u00edmac\u00ed zkou\u0161ky S\u0160 a individu\u00e1ln\u00ed p\u0159\u00edpravu (dou\u010dov\u00e1n\u00ed) \u017e\u00e1k\u016f v Krom\u011b\u0159\u00ed\u017ei.\",\"breadcrumb\":{\"@id\":\"https:\\\/\\\/informatikaprodeti.cz\\\/individualni-priprava\\\/#breadcrumb\"},\"inLanguage\":\"en-GB\",\"potentialAction\":[{\"@type\":\"ReadAction\",\"target\":[\"https:\\\/\\\/informatikaprodeti.cz\\\/individualni-priprava\\\/\"]}]},{\"@type\":\"ImageObject\",\"inLanguage\":\"en-GB\",\"@id\":\"https:\\\/\\\/informatikaprodeti.cz\\\/individualni-priprava\\\/#primaryimage\",\"url\":\"https:\\\/\\\/informatikaprodeti.cz\\\/wp-content\\\/uploads\\\/2023\\\/01\\\/90705561-5558-4d53-9cce-97293f769491.jpg\",\"contentUrl\":\"https:\\\/\\\/informatikaprodeti.cz\\\/wp-content\\\/uploads\\\/2023\\\/01\\\/90705561-5558-4d53-9cce-97293f769491.jpg\"},{\"@type\":\"BreadcrumbList\",\"@id\":\"https:\\\/\\\/informatikaprodeti.cz\\\/individualni-priprava\\\/#breadcrumb\",\"itemListElement\":[{\"@type\":\"ListItem\",\"position\":1,\"name\":\"Dom\u016f\",\"item\":\"https:\\\/\\\/informatikaprodeti.cz\\\/\"},{\"@type\":\"ListItem\",\"position\":2,\"name\":\"Individu\u00e1ln\u00ed p\u0159\u00edprava\"}]},{\"@type\":\"WebSite\",\"@id\":\"https:\\\/\\\/informatikaprodeti.cz\\\/en\\\/#website\",\"url\":\"https:\\\/\\\/informatikaprodeti.cz\\\/en\\\/\",\"name\":\"EDUKRO, z. s. | Informatika pro d\u011bti\",\"description\":\"Krou\u017eek informatiky, p\u0159\u00edprava na p\u0159ij\u00edmac\u00ed zkou\u0161ky a individu\u00e1ln\u00ed p\u0159\u00edprava\",\"publisher\":{\"@id\":\"https:\\\/\\\/informatikaprodeti.cz\\\/en\\\/#organization\"},\"potentialAction\":[{\"@type\":\"SearchAction\",\"target\":{\"@type\":\"EntryPoint\",\"urlTemplate\":\"https:\\\/\\\/informatikaprodeti.cz\\\/en\\\/?s={search_term_string}\"},\"query-input\":{\"@type\":\"PropertyValueSpecification\",\"valueRequired\":true,\"valueName\":\"search_term_string\"}}],\"inLanguage\":\"en-GB\"},{\"@type\":\"Organization\",\"@id\":\"https:\\\/\\\/informatikaprodeti.cz\\\/en\\\/#organization\",\"name\":\"EDUKRO, z. s. | Informatika pro d\u011bti\",\"url\":\"https:\\\/\\\/informatikaprodeti.cz\\\/en\\\/\",\"logo\":{\"@type\":\"ImageObject\",\"inLanguage\":\"en-GB\",\"@id\":\"https:\\\/\\\/informatikaprodeti.cz\\\/en\\\/#\\\/schema\\\/logo\\\/image\\\/\",\"url\":\"https:\\\/\\\/informatikaprodeti.cz\\\/wp-content\\\/uploads\\\/2022\\\/11\\\/IT_logo_TV_3.png\",\"contentUrl\":\"https:\\\/\\\/informatikaprodeti.cz\\\/wp-content\\\/uploads\\\/2022\\\/11\\\/IT_logo_TV_3.png\",\"width\":825,\"height\":226,\"caption\":\"EDUKRO, z. s. | Informatika pro d\u011bti\"},\"image\":{\"@id\":\"https:\\\/\\\/informatikaprodeti.cz\\\/en\\\/#\\\/schema\\\/logo\\\/image\\\/\"},\"sameAs\":[\"https:\\\/\\\/www.facebook.com\\\/informatikaprodeti\\\/\"]}]}<\/script>\n<!-- \/ Yoast SEO plugin. -->","yoast_head_json":{"title":"EDUKRO, z. s. | Informatika pro d\u011bti v Krom\u011b\u0159\u00ed\u017ei","description":"Informatika pro d\u011bti nab\u00edz\u00ed krou\u017eky programov\u00e1n\u00ed, p\u0159\u00edpravu na p\u0159ij\u00edmac\u00ed zkou\u0161ky S\u0160 a individu\u00e1ln\u00ed p\u0159\u00edpravu (dou\u010dov\u00e1n\u00ed) \u017e\u00e1k\u016f v Krom\u011b\u0159\u00ed\u017ei.","robots":{"index":"index","follow":"follow","max-snippet":"max-snippet:-1","max-image-preview":"max-image-preview:large","max-video-preview":"max-video-preview:-1"},"canonical":"https:\/\/informatikaprodeti.cz\/en\/individualni-priprava\/","og_locale":"en_GB","og_type":"article","og_title":"Informatika pro d\u011bti v Krom\u011b\u0159\u00ed\u017ei","og_description":"Informatika pro d\u011bti nab\u00edz\u00ed krou\u017eky programov\u00e1n\u00ed, p\u0159\u00edpravu na p\u0159ij\u00edmac\u00ed zkou\u0161ky S\u0160 a individu\u00e1ln\u00ed p\u0159\u00edpravu (dou\u010dov\u00e1n\u00ed) \u017e\u00e1k\u016f v Krom\u011b\u0159\u00ed\u017ei.","og_url":"https:\/\/informatikaprodeti.cz\/en\/individualni-priprava\/","og_site_name":"EDUKRO, z. s. | Informatika pro d\u011bti","article_publisher":"https:\/\/www.facebook.com\/informatikaprodeti\/","article_modified_time":"2025-05-29T21:47:14+00:00","og_image":[{"width":1201,"height":629,"url":"https:\/\/informatikaprodeti.cz\/wp-content\/uploads\/2023\/01\/1.png","type":"image\/png"}],"twitter_card":"summary_large_image","twitter_misc":{"Estimated reading time":"1 minute"},"schema":{"@context":"https:\/\/schema.org","@graph":[{"@type":"WebPage","@id":"https:\/\/informatikaprodeti.cz\/individualni-priprava\/","url":"https:\/\/informatikaprodeti.cz\/individualni-priprava\/","name":"EDUKRO, z. s. | Informatika pro d\u011bti v Krom\u011b\u0159\u00ed\u017ei","isPartOf":{"@id":"https:\/\/informatikaprodeti.cz\/en\/#website"},"primaryImageOfPage":{"@id":"https:\/\/informatikaprodeti.cz\/individualni-priprava\/#primaryimage"},"image":{"@id":"https:\/\/informatikaprodeti.cz\/individualni-priprava\/#primaryimage"},"thumbnailUrl":"https:\/\/informatikaprodeti.cz\/wp-content\/uploads\/2023\/01\/90705561-5558-4d53-9cce-97293f769491.jpg","datePublished":"2022-03-18T20:25:13+00:00","dateModified":"2025-05-29T21:47:14+00:00","description":"Informatika pro d\u011bti nab\u00edz\u00ed krou\u017eky programov\u00e1n\u00ed, p\u0159\u00edpravu na p\u0159ij\u00edmac\u00ed zkou\u0161ky S\u0160 a individu\u00e1ln\u00ed p\u0159\u00edpravu (dou\u010dov\u00e1n\u00ed) \u017e\u00e1k\u016f v Krom\u011b\u0159\u00ed\u017ei.","breadcrumb":{"@id":"https:\/\/informatikaprodeti.cz\/individualni-priprava\/#breadcrumb"},"inLanguage":"en-GB","potentialAction":[{"@type":"ReadAction","target":["https:\/\/informatikaprodeti.cz\/individualni-priprava\/"]}]},{"@type":"ImageObject","inLanguage":"en-GB","@id":"https:\/\/informatikaprodeti.cz\/individualni-priprava\/#primaryimage","url":"https:\/\/informatikaprodeti.cz\/wp-content\/uploads\/2023\/01\/90705561-5558-4d53-9cce-97293f769491.jpg","contentUrl":"https:\/\/informatikaprodeti.cz\/wp-content\/uploads\/2023\/01\/90705561-5558-4d53-9cce-97293f769491.jpg"},{"@type":"BreadcrumbList","@id":"https:\/\/informatikaprodeti.cz\/individualni-priprava\/#breadcrumb","itemListElement":[{"@type":"ListItem","position":1,"name":"Dom\u016f","item":"https:\/\/informatikaprodeti.cz\/"},{"@type":"ListItem","position":2,"name":"Individu\u00e1ln\u00ed p\u0159\u00edprava"}]},{"@type":"WebSite","@id":"https:\/\/informatikaprodeti.cz\/en\/#website","url":"https:\/\/informatikaprodeti.cz\/en\/","name":"EDUKRO, z. s. | Informatika pro d\u011bti","description":"Krou\u017eek informatiky, p\u0159\u00edprava na p\u0159ij\u00edmac\u00ed zkou\u0161ky a individu\u00e1ln\u00ed p\u0159\u00edprava","publisher":{"@id":"https:\/\/informatikaprodeti.cz\/en\/#organization"},"potentialAction":[{"@type":"SearchAction","target":{"@type":"EntryPoint","urlTemplate":"https:\/\/informatikaprodeti.cz\/en\/?s={search_term_string}"},"query-input":{"@type":"PropertyValueSpecification","valueRequired":true,"valueName":"search_term_string"}}],"inLanguage":"en-GB"},{"@type":"Organization","@id":"https:\/\/informatikaprodeti.cz\/en\/#organization","name":"EDUKRO, z. s. | Informatika pro d\u011bti","url":"https:\/\/informatikaprodeti.cz\/en\/","logo":{"@type":"ImageObject","inLanguage":"en-GB","@id":"https:\/\/informatikaprodeti.cz\/en\/#\/schema\/logo\/image\/","url":"https:\/\/informatikaprodeti.cz\/wp-content\/uploads\/2022\/11\/IT_logo_TV_3.png","contentUrl":"https:\/\/informatikaprodeti.cz\/wp-content\/uploads\/2022\/11\/IT_logo_TV_3.png","width":825,"height":226,"caption":"EDUKRO, z. s. | Informatika pro d\u011bti"},"image":{"@id":"https:\/\/informatikaprodeti.cz\/en\/#\/schema\/logo\/image\/"},"sameAs":["https:\/\/www.facebook.com\/informatikaprodeti\/"]}]}},"_links":{"self":[{"href":"https:\/\/informatikaprodeti.cz\/en\/wp-json\/wp\/v2\/pages\/81","targetHints":{"allow":["GET"]}}],"collection":[{"href":"https:\/\/informatikaprodeti.cz\/en\/wp-json\/wp\/v2\/pages"}],"about":[{"href":"https:\/\/informatikaprodeti.cz\/en\/wp-json\/wp\/v2\/types\/page"}],"author":[{"embeddable":true,"href":"https:\/\/informatikaprodeti.cz\/en\/wp-json\/wp\/v2\/users\/1"}],"replies":[{"embeddable":true,"href":"https:\/\/informatikaprodeti.cz\/en\/wp-json\/wp\/v2\/comments?post=81"}],"version-history":[{"count":73,"href":"https:\/\/informatikaprodeti.cz\/en\/wp-json\/wp\/v2\/pages\/81\/revisions"}],"predecessor-version":[{"id":2864,"href":"https:\/\/informatikaprodeti.cz\/en\/wp-json\/wp\/v2\/pages\/81\/revisions\/2864"}],"wp:attachment":[{"href":"https:\/\/informatikaprodeti.cz\/en\/wp-json\/wp\/v2\/media?parent=81"}],"curies":[{"name":"wp","href":"https:\/\/api.w.org\/{rel}","templated":true}]}}