{"id":68,"date":"2022-03-18T20:18:37","date_gmt":"2022-03-18T20:18:37","guid":{"rendered":"http:\/\/fastwpdemo.com\/newwp\/amping\/?page_id=68"},"modified":"2026-04-21T16:04:43","modified_gmt":"2026-04-21T16:04:43","slug":"krouzek-programovani","status":"publish","type":"page","link":"https:\/\/informatikaprodeti.cz\/en\/krouzek-programovani\/","title":{"rendered":"Krou\u017eek programov\u00e1n\u00ed"},"content":{"rendered":"<div data-elementor-type=\"wp-page\" data-elementor-id=\"68\" class=\"elementor elementor-68\">\n\t\t\t\t\t\t<section class=\"elementor-section elementor-top-section elementor-element elementor-element-df18451 elementor-section-full_width elementor-section-height-default elementor-section-height-default\" data-id=\"df18451\" data-element_type=\"section\" data-e-type=\"section\">\n\t\t\t\t\t\t<div class=\"elementor-container elementor-column-gap-default\">\n\t\t\t\t\t<div class=\"elementor-column elementor-col-100 elementor-top-column elementor-element elementor-element-5a19299\" data-id=\"5a19299\" data-element_type=\"column\" data-e-type=\"column\">\n\t\t\t<div class=\"elementor-widget-wrap elementor-element-populated\">\n\t\t\t\t\t\t<div class=\"elementor-element elementor-element-ebeab44 elementor-widget elementor-widget-amping_service_details\" data-id=\"ebeab44\" data-element_type=\"widget\" data-e-type=\"widget\" data-widget_type=\"amping_service_details.default\">\n\t\t\t\t<div class=\"elementor-widget-container\">\n\t\t\t\t\t\t\n\t<!-- activities-details -->\n\t<section class=\"activities-details\">\n\t\t<div class=\"auto-container\">\n\t\t\t<div class=\"row clearfix\">\n\t\t\t\t\t\t\t\t<div class=\"col-lg-4 col-md-12 col-sm-12 sidebar-side\">\n\t\t\t\t\t<div class=\"activities-sidebar\">\n\t\t\t\t\t\t<div id=\"nav_menu-2\" class=\"service-widget widget_nav_menu\"><div class=\"menu-nabidka-sluzeb-container\"><ul id=\"menu-nabidka-sluzeb\" class=\"menu\"><li id=\"menu-item-1081\" class=\"menu-item menu-item-type-post_type menu-item-object-page menu-item-1081\"><a href=\"https:\/\/informatikaprodeti.cz\/en\/krouzek-programovani\/\">Krou\u017eek programov\u00e1n\u00ed<\/a><\/li>\n<li id=\"menu-item-1079\" class=\"menu-item menu-item-type-post_type menu-item-object-page menu-item-1079\"><a href=\"https:\/\/informatikaprodeti.cz\/en\/individualni-priprava\/\">Individu\u00e1ln\u00ed p\u0159\u00edprava<\/a><\/li>\n<\/ul><\/div><\/div><div id=\"block-10\" class=\"service-widget widget_block\"><br><br><\/div>\t\t\t\t\t<\/div>\n\t\t\t\t<\/div>\n\t\t\t\t\t\t\t\t<div class=\"col-lg-8 col-md-12 col-sm-12 content-side\">\n\t\t\t\t\t<div class=\"activities-details-content\">\n\t\t\t\t\t\t<div class=\"content-one centred\">\n\t\t\t\t\t\t\t\t\t\t\t\t\t\t<div class=\"lower-box\">\n\t\t\t\t\t\t\t\t\t\t\t\t\t\t\t\t<div class=\"icon-box\">\n\t\t\t\t\t\t\t\t\t<div class=\"shape\" style=\"background-image: url(https:\/\/informatikaprodeti.cz\/wp-content\/themes\/amping\/assets\/images\/shape\/shape-6.png);\"><\/div>\n\t\t\t\t\t\t\t\t\t<i class=\"fa fa-code\"><\/i>\n\t\t\t\t\t\t\t\t<\/div>\n\t\t\t\t\t\t\t\t\t\t\t\t\t\t\t\t<h2>Programov\u00e1n\u00ed webov\u00fdch str\u00e1nek <br>(HTML, CSS a JavaScript)<\/h2>\t\t\t\t\t\t\t\t\t\t\t\t\t\t\t\t<div class=\"text\">\n\t\t\t\t\t\t\t\t\t<p> Krou\u017eek programov\u00e1n\u00ed webov\u00fdch str\u00e1nek je ur\u010den pro ty, kte\u0159\u00ed by se r\u00e1di nau\u010dili programovat a vytvo\u0159ili svou prvn\u00ed webovou str\u00e1nku. I v leto\u0161n\u00edm roce budeme spou\u0161t\u011bt krou\u017eek programov\u00e1n\u00ed pro IT nad\u0161ence. Po dobu 10 t\u00fddn\u016f se budeme setk\u00e1vat v modern\u011b vybaven\u00e9 PC u\u010debn\u011b Obchodn\u00ed akademie v Krom\u011b\u0159\u00ed\u017ei. <\/p>\n\n<strong style=\"color:green\">Aktu\u00e1ln\u00ed obsazenost term\u00ednu: \u0159\u00edjen - prosinec ST\u0158EDA 2026 (3\/15)<\/strong><br><br>\n\n<strong>MAXIM\u00c1LN\u00cd KAPACITA KURZU JE 15 \u017d\u00c1K\u016e!<\/strong><br>\n<strong>Podm\u00ednkou pro kon\u00e1n\u00ed je minim\u00e1ln\u00ed po\u010det 8 - 10 p\u0159ihl\u00e1\u0161en\u00fdch!<\/strong><br><br>\n\n\n\n\n\n\n<a class=\"theme-btn btn-one\" href=\"https:\/\/forms.gle\/9cHDa5xApLTy5efY8\" target=\"_blank\">CHCI SE P\u0158IHL\u00c1SIT\n<\/a>\t\t\t\t\t\t\t\t<\/div>\n\t\t\t\t\t\t\t\t\t\t\t\t\t\t\t<\/div>\n\t\t\t\t\t\t<\/div>\n\t\t\t\t\t\t<div class=\"content-two\">\n\t\t\t\t\t\t\t<div class=\"row clearfix\">\n\t\t\t\t\t\t\t\t\t\t\t\t\t\t\t\t<div class=\"col-lg-6 col-md-6 col-sm-12 image-column\">\n\t\t\t\t\t\t\t\t\t<figure class=\"image-box\"><img decoding=\"async\" src=\"https:\/\/informatikaprodeti.cz\/wp-content\/uploads\/2023\/01\/836b6133-23ee-4688-85d4-4c0fad5cd33d.jpg\" alt=\"Awesome Image\"><\/figure>\n\t\t\t\t\t\t\t\t<\/div>\n\t\t\t\t\t\t\t\t\t\t\t\t\t\t\t\t<div class=\"col-lg-6 col-md-6 col-sm-12 text-column\">\n\t\t\t\t\t\t\t\t\t<div class=\"text-inner\">\n\t\t\t\t\t\t\t\t\t\t<h2>Z\u00e1kladn\u00ed info<\/h2>\t\t\t\t\t\t\t\t\t\t\t\t\t\t\t\t\t\t\t\t\t\t\t\t\t\t\t\t\t\t<ul class=\"list-style-one clearfix\">\n\t\t\t\t\t\t\t\t\t\t\t\t\t\t\t\t\t\t\t\t   <li>D\u00e9lka krou\u017eku:  <strong>10 setk\u00e1n\u00ed <\/strong><\/li>\n\t\t\t\t\t\t\t\t\t\t\t\t\t\t\t\t\t\t\t\t   <li>Term\u00edny: <br><strong style=\"color:green\">1. setk\u00e1n\u00ed 07. 10. 2026 <br>\u0159\u00edjen - prosinec 2026<br> ST\u0158EDA: 16:00 - 17:30<\/strong><\/li>\n\t\t\t\t\t\t\t\t\t\t\t\t\t\t\t\t\t\t\t\t   <li>M\u00edsto: <strong>Obchodn\u00ed akademie Krom\u011b\u0159\u00ed\u017e <\/strong><\/li>\n\t\t\t\t\t\t\t\t\t\t\t\t\t\t\t\t\t\t\t\t   <li>Kapacita: <strong>max. 15 \u017e\u00e1k\u016f<\/strong><\/li>\n\t\t\t\t\t\t\t\t\t\t\t\t\t\t\t\t\t\t\t\t   <li>V\u011bk: <strong>5. - 9. ro\u010dn\u00edk Z\u0160<\/strong><\/li>\n\t\t\t\t\t\t\t\t\t\t\t\t\t\t\t\t\t\t\t\t   <li>Cena: <strong>3 400 K\u010d<\/strong><\/li>\n\t\t\t\t\t\t\t\t\t\t\t\t\t\t\t\t\t\t\t\t<\/ul>\n\t\t\t\t\t\t\t\t\t\t\t\t\t\t\t\t\t\t\t<\/div>\n\t\t\t\t\t\t\t\t<\/div>\n\t\t\t\t\t\t\t<\/div>\n\t\t\t\t\t\t<\/div>\n\t\t\t\t\t\t<div class=\"content-three\">\n\t\t\t\t\t\t\t<ul class=\"accordion-box\">\n\t\t\t\t\t\t\t\t\t\t\t\t\t\t\t\t<li class=\"accordion block active-block\">\n\t\t\t\t\t\t\t\t\t<div class=\"acc-btn active\">\n\t\t\t\t\t\t\t\t\t\t<div class=\"icon-outer\"><\/div>\n\t\t\t\t\t\t\t\t\t\t<h5>Co se stane odesl\u00e1n\u00edm p\u0159ihl\u00e1\u0161ky?<\/h5>\n\t\t\t\t\t\t\t\t\t<\/div>\n\t\t\t\t\t\t\t\t\t<div class=\"acc-content current\">\n\t\t\t\t\t\t\t\t\t\t<div class=\"text\">\n\t\t\t\t\t\t\t\t\t\t\t<p>1) Na V\u00e1mi uveden\u00fd e-mail bude odesl\u00e1na kopie p\u0159ihl\u00e1\u0161ky. <br>\n2) Vy\u010dkejte na napln\u011bn\u00ed minim\u00e1ln\u00edho po\u010dtu 8 p\u0159ihl\u00e1\u0161en\u00fdch. <br>\n3) Pot\u00e9 V\u00e1m doraz\u00ed pokyny k platb\u011b.<br>\n4) Po zaplacen\u00ed \u010d\u00e1stky \u010dekejte potvrzovac\u00ed email. <\/p>\n\t\t\t\t\t\t\t\t\t\t<\/div>\n\t\t\t\t\t\t\t\t\t<\/div>\n\t\t\t\t\t\t\t\t<\/li>\n\t\t\t\t\t\t\t\t\t\t\t\t\t\t\t\t<li class=\"accordion block\">\n\t\t\t\t\t\t\t\t\t<div class=\"acc-btn\">\n\t\t\t\t\t\t\t\t\t\t<div class=\"icon-outer\"><\/div>\n\t\t\t\t\t\t\t\t\t\t<h5>Harmonogram?<\/h5>\n\t\t\t\t\t\t\t\t\t<\/div>\n\t\t\t\t\t\t\t\t\t<div class=\"acc-content\">\n\t\t\t\t\t\t\t\t\t\t<div class=\"text\">\n\t\t\t\t\t\t\t\t\t\t\t<p>15:50 - sraz u hlavn\u00edho vchodu OAKM (pod spojovac\u00edm mostem)<br>\n16:00 - zah\u00e1jen\u00ed <br>\n17:30 - ukon\u010den\u00ed<br><br>\n\n<strong style=\"color:green\">ST\u0158EDE\u010cN\u00cd TERM\u00cdNY<\/strong><br>\n<ul>\n<li><strong style=\"color:green\">01. SETK\u00c1N\u00cd:<\/strong> 07. 10. 2026<\/li>\n<li><strong style=\"color:green\">02. SETK\u00c1N\u00cd:<\/strong> 14. 10. 2026<\/li>\n<li><strong style=\"color:green\">03. SETK\u00c1N\u00cd:<\/strong> 21. 10. 2026<\/li>\n<li><strong style=\"color:green\">04. SETK\u00c1N\u00cd:<\/strong> 04. 11. 2026<\/li>\n<li><strong style=\"color:green\">05. SETK\u00c1N\u00cd:<\/strong> 11. 11. 2026<\/li>\n<li><strong style=\"color:green\">06. SETK\u00c1N\u00cd:<\/strong> 18. 11. 2026<\/li>\n<li><strong style=\"color:green\">07. SETK\u00c1N\u00cd:<\/strong> 25. 11. 2026<\/li>\n<li><strong style=\"color:green\">08. SETK\u00c1N\u00cd:<\/strong> 02. 12. 2026<\/li>\n<li><strong style=\"color:green\">09. SETK\u00c1N\u00cd:<\/strong> 09. 12. 2026<\/li>\n<li><strong style=\"color:green\">10. SETK\u00c1N\u00cd:<\/strong> 16. 12. 2026<\/li>\n<\/ul>\n<br><br>\n<\/p>\n\t\t\t\t\t\t\t\t\t\t<\/div>\n\t\t\t\t\t\t\t\t\t<\/div>\n\t\t\t\t\t\t\t\t<\/li>\n\t\t\t\t\t\t\t\t\t\t\t\t\t\t\t\t<li class=\"accordion block\">\n\t\t\t\t\t\t\t\t\t<div class=\"acc-btn\">\n\t\t\t\t\t\t\t\t\t\t<div class=\"icon-outer\"><\/div>\n\t\t\t\t\t\t\t\t\t\t<h5>O \u010dem to cel\u00e9 bude? <\/h5>\n\t\t\t\t\t\t\t\t\t<\/div>\n\t\t\t\t\t\t\t\t\t<div class=\"acc-content\">\n\t\t\t\t\t\t\t\t\t\t<div class=\"text\">\n\t\t\t\t\t\t\t\t\t\t\t<p>Vytvo\u0159\u00edme jednoduchou webovou str\u00e1nku.<br>\nNaform\u00e1tujeme text na str\u00e1nce.<br>\nNau\u010d\u00edme se vkl\u00e1dat obr\u00e1zky, videa, mapy a odkazy.<br>\nVytvo\u0159\u00edme interaktivn\u00ed hru v jazyce HTML.<br>\nStr\u00e1nku propoj\u00edme s jazykem CSS.<br>\nNau\u010d\u00edme se vkl\u00e1dat vstupn\u00ed pole a tla\u010d\u00edtka pomoc\u00ed JavaScriptu.<br>\nZvl\u00e1dneme programov\u011b m\u011bnit obsah a vzhled str\u00e1nky, aktualizovat datum a \u010das.<br>\nZaregistrujeme si dom\u00e9nu a str\u00e1nku um\u00edst\u00edme na internet.<br><\/p>\n\t\t\t\t\t\t\t\t\t\t<\/div>\n\t\t\t\t\t\t\t\t\t<\/div>\n\t\t\t\t\t\t\t\t<\/li>\n\t\t\t\t\t\t\t\t\t\t\t\t\t\t\t\t<li class=\"accordion block\">\n\t\t\t\t\t\t\t\t\t<div class=\"acc-btn\">\n\t\t\t\t\t\t\t\t\t\t<div class=\"icon-outer\"><\/div>\n\t\t\t\t\t\t\t\t\t\t<h5>Co si m\u00e1m p\u0159in\u00e9st?<\/h5>\n\t\t\t\t\t\t\t\t\t<\/div>\n\t\t\t\t\t\t\t\t\t<div class=\"acc-content\">\n\t\t\t\t\t\t\t\t\t\t<div class=\"text\">\n\t\t\t\t\t\t\t\t\t\t\t<p>P\u0159ez\u016fvky, psac\u00ed pot\u0159eby, pit\u00ed.\n\n<\/p>\n\t\t\t\t\t\t\t\t\t\t<\/div>\n\t\t\t\t\t\t\t\t\t<\/div>\n\t\t\t\t\t\t\t\t<\/li>\n\t\t\t\t\t\t\t\t\t\t\t\t\t\t\t\t<li class=\"accordion block\">\n\t\t\t\t\t\t\t\t\t<div class=\"acc-btn\">\n\t\t\t\t\t\t\t\t\t\t<div class=\"icon-outer\"><\/div>\n\t\t\t\t\t\t\t\t\t\t<h5>S informatikou a programov\u00e1n\u00edm nem\u00e1m \u017e\u00e1dn\u00e9 zku\u0161enosti. Je pro m\u011b krou\u017eek vhodn\u00fd?<\/h5>\n\t\t\t\t\t\t\t\t\t<\/div>\n\t\t\t\t\t\t\t\t\t<div class=\"acc-content\">\n\t\t\t\t\t\t\t\t\t\t<div class=\"text\">\n\t\t\t\t\t\t\t\t\t\t\t<p>Ano. Po\u010d\u00edt\u00e1me s minim\u00e1ln\u00ed a\u017e nulovou znalost\u00ed programov\u00e1n\u00ed. V\u0161e bude prob\u00edr\u00e1no od \u00fapln\u00e9ho za\u010d\u00e1tku, nen\u00ed tedy pot\u0159eba m\u00edt jak\u00e9koliv p\u0159edchoz\u00ed zku\u0161enosti, ale samoz\u0159ejm\u011b budou v\u00fdhodou.<\/p>\n\t\t\t\t\t\t\t\t\t\t<\/div>\n\t\t\t\t\t\t\t\t\t<\/div>\n\t\t\t\t\t\t\t\t<\/li>\n\t\t\t\t\t\t\t\t\t\t\t\t\t\t\t<\/ul>\n\t\t\t\t\t\t<\/div>\n\t\t\t\t\t<\/div>\n\t\t\t\t<\/div>\n\t\t\t<\/div>\n\t\t<\/div>\n\t<\/section>\n\t<!-- activities-details end -->\n                \n\t\t\t\t\t<\/div>\n\t\t\t\t<\/div>\n\t\t\t\t\t<\/div>\n\t\t<\/div>\n\t\t\t\t\t<\/div>\n\t\t<\/section>\n\t\t\t\t<section class=\"elementor-section elementor-top-section elementor-element elementor-element-098050d elementor-section-full_width elementor-section-height-default elementor-section-height-default\" data-id=\"098050d\" data-element_type=\"section\" data-e-type=\"section\">\n\t\t\t\t\t\t<div class=\"elementor-container elementor-column-gap-default\">\n\t\t\t\t\t<div class=\"elementor-column elementor-col-100 elementor-top-column elementor-element elementor-element-111114f\" data-id=\"111114f\" data-element_type=\"column\" data-e-type=\"column\" data-settings=\"{&quot;background_background&quot;:&quot;classic&quot;}\">\n\t\t\t<div class=\"elementor-widget-wrap elementor-element-populated\">\n\t\t\t\t\t\t<div class=\"elementor-element elementor-element-cfb661c elementor-widget elementor-widget-amping_call_to_action\" data-id=\"cfb661c\" data-element_type=\"widget\" data-e-type=\"widget\" data-widget_type=\"amping_call_to_action.default\">\n\t\t\t\t<div class=\"elementor-widget-container\">\n\t\t\t\t\t\n    <!-- cta-section -->\n\t<section class=\"cta-section\">\n\t\t<div class=\"auto-container\">\n\t\t\t<div class=\"inner-container\">\n\t\t\t\t\t\t\t\t<div class=\"text\">\n\t\t\t\t\t<h2>Chce\u0161 se p\u0159ihl\u00e1sit do krou\u017eku?<\/h2>\n\t\t\t\t<\/div>\n\t\t\t\t\t\t\t\t\t\t\t\t<div class=\"btn-box\">\n\t\t\t\t\t<a href=\"https:\/\/forms.gle\/9cHDa5xApLTy5efY8\" class=\"theme-btn btn-one\">P\u0159ihl\u00e1sit se<\/a>\n\t\t\t\t<\/div>\n\t\t\t\t\t\t\t<\/div>\n\t\t<\/div>\n\t<\/section>\n\t<!-- cta-section end -->\n                \n\t\t\t\t\t<\/div>\n\t\t\t\t<\/div>\n\t\t\t\t\t<\/div>\n\t\t<\/div>\n\t\t\t\t\t<\/div>\n\t\t<\/section>\n\t\t\t\t<\/div>","protected":false},"excerpt":{"rendered":"<p>Krou\u017eek programov\u00e1n\u00ed P\u0159\u00edprava na p\u0159ij\u00edmac\u00ed zkou\u0161ky Individu\u00e1ln\u00ed p\u0159\u00edprava Programov\u00e1n\u00ed webov\u00fdch str\u00e1nek (HTML, CSS a JavaScript) Krou\u017eek programov\u00e1n\u00ed webov\u00fdch str\u00e1nek je ur\u010den pro ty, kte\u0159\u00ed by se r\u00e1di nau\u010dili programovat a vytvo\u0159ili svou prvn\u00ed webovou str\u00e1nku. I v leto\u0161n\u00edm roce budeme spou\u0161t\u011bt krou\u017eek programov\u00e1n\u00ed pro IT nad\u0161ence. Po dobu 10 t\u00fddn\u016f se budeme setk\u00e1vat v modern\u011b [&hellip;]<\/p>","protected":false},"author":1,"featured_media":0,"parent":0,"menu_order":0,"comment_status":"closed","ping_status":"closed","template":"tpl-default-elementor.php","meta":{"footnotes":"","_links_to":"","_links_to_target":""},"class_list":["post-68","page","type-page","status-publish","hentry"],"yoast_head":"<!-- This site is optimized with the Yoast SEO plugin v27.4 - https:\/\/yoast.com\/product\/yoast-seo-wordpress\/ -->\n<title>EDUKRO, z. s. | Informatika pro d\u011bti v Krom\u011b\u0159\u00ed\u017ei<\/title>\n<meta name=\"description\" content=\"Informatika pro d\u011bti nab\u00edz\u00ed krou\u017eky programov\u00e1n\u00ed, p\u0159\u00edpravu na p\u0159ij\u00edmac\u00ed zkou\u0161ky S\u0160 a individu\u00e1ln\u00ed p\u0159\u00edpravu (dou\u010dov\u00e1n\u00ed) \u017e\u00e1k\u016f v Krom\u011b\u0159\u00ed\u017ei.\" \/>\n<meta name=\"robots\" content=\"index, follow, max-snippet:-1, max-image-preview:large, max-video-preview:-1\" \/>\n<link rel=\"canonical\" href=\"https:\/\/informatikaprodeti.cz\/en\/krouzek-programovani\/\" \/>\n<meta property=\"og:locale\" content=\"en_GB\" \/>\n<meta property=\"og:type\" content=\"article\" \/>\n<meta property=\"og:title\" content=\"Informatika pro d\u011bti v Krom\u011b\u0159\u00ed\u017ei\" \/>\n<meta property=\"og:description\" content=\"Informatika pro d\u011bti nab\u00edz\u00ed krou\u017eky programov\u00e1n\u00ed, p\u0159\u00edpravu na p\u0159ij\u00edmac\u00ed zkou\u0161ky S\u0160 a individu\u00e1ln\u00ed p\u0159\u00edpravu (dou\u010dov\u00e1n\u00ed) \u017e\u00e1k\u016f v Krom\u011b\u0159\u00ed\u017ei.\" \/>\n<meta property=\"og:url\" content=\"https:\/\/informatikaprodeti.cz\/en\/krouzek-programovani\/\" \/>\n<meta property=\"og:site_name\" content=\"EDUKRO, z. s. | Informatika pro d\u011bti\" \/>\n<meta property=\"article:publisher\" content=\"https:\/\/www.facebook.com\/informatikaprodeti\/\" \/>\n<meta property=\"article:modified_time\" content=\"2026-04-21T16:04:43+00:00\" \/>\n<meta property=\"og:image\" content=\"https:\/\/informatikaprodeti.cz\/wp-content\/uploads\/2023\/01\/1.png\" \/>\n\t<meta property=\"og:image:width\" content=\"1201\" \/>\n\t<meta property=\"og:image:height\" content=\"629\" \/>\n\t<meta property=\"og:image:type\" content=\"image\/png\" \/>\n<meta name=\"twitter:card\" content=\"summary_large_image\" \/>\n<meta name=\"twitter:label1\" content=\"Estimated reading time\" \/>\n\t<meta name=\"twitter:data1\" content=\"3 minutes\" \/>\n<script type=\"application\/ld+json\" class=\"yoast-schema-graph\">{\"@context\":\"https:\\\/\\\/schema.org\",\"@graph\":[{\"@type\":\"WebPage\",\"@id\":\"https:\\\/\\\/informatikaprodeti.cz\\\/krouzek-programovani\\\/\",\"url\":\"https:\\\/\\\/informatikaprodeti.cz\\\/krouzek-programovani\\\/\",\"name\":\"EDUKRO, z. s. | Informatika pro d\u011bti v Krom\u011b\u0159\u00ed\u017ei\",\"isPartOf\":{\"@id\":\"https:\\\/\\\/informatikaprodeti.cz\\\/en\\\/#website\"},\"primaryImageOfPage\":{\"@id\":\"https:\\\/\\\/informatikaprodeti.cz\\\/krouzek-programovani\\\/#primaryimage\"},\"image\":{\"@id\":\"https:\\\/\\\/informatikaprodeti.cz\\\/krouzek-programovani\\\/#primaryimage\"},\"thumbnailUrl\":\"http:\\\/\\\/informatikaprodeti.cz\\\/wp-content\\\/uploads\\\/2023\\\/01\\\/836b6133-23ee-4688-85d4-4c0fad5cd33d.jpg\",\"datePublished\":\"2022-03-18T20:18:37+00:00\",\"dateModified\":\"2026-04-21T16:04:43+00:00\",\"description\":\"Informatika pro d\u011bti nab\u00edz\u00ed krou\u017eky programov\u00e1n\u00ed, p\u0159\u00edpravu na p\u0159ij\u00edmac\u00ed zkou\u0161ky S\u0160 a individu\u00e1ln\u00ed p\u0159\u00edpravu (dou\u010dov\u00e1n\u00ed) \u017e\u00e1k\u016f v Krom\u011b\u0159\u00ed\u017ei.\",\"breadcrumb\":{\"@id\":\"https:\\\/\\\/informatikaprodeti.cz\\\/krouzek-programovani\\\/#breadcrumb\"},\"inLanguage\":\"en-GB\",\"potentialAction\":[{\"@type\":\"ReadAction\",\"target\":[\"https:\\\/\\\/informatikaprodeti.cz\\\/krouzek-programovani\\\/\"]}]},{\"@type\":\"ImageObject\",\"inLanguage\":\"en-GB\",\"@id\":\"https:\\\/\\\/informatikaprodeti.cz\\\/krouzek-programovani\\\/#primaryimage\",\"url\":\"http:\\\/\\\/informatikaprodeti.cz\\\/wp-content\\\/uploads\\\/2023\\\/01\\\/836b6133-23ee-4688-85d4-4c0fad5cd33d.jpg\",\"contentUrl\":\"http:\\\/\\\/informatikaprodeti.cz\\\/wp-content\\\/uploads\\\/2023\\\/01\\\/836b6133-23ee-4688-85d4-4c0fad5cd33d.jpg\"},{\"@type\":\"BreadcrumbList\",\"@id\":\"https:\\\/\\\/informatikaprodeti.cz\\\/krouzek-programovani\\\/#breadcrumb\",\"itemListElement\":[{\"@type\":\"ListItem\",\"position\":1,\"name\":\"Dom\u016f\",\"item\":\"https:\\\/\\\/informatikaprodeti.cz\\\/\"},{\"@type\":\"ListItem\",\"position\":2,\"name\":\"Krou\u017eek programov\u00e1n\u00ed\"}]},{\"@type\":\"WebSite\",\"@id\":\"https:\\\/\\\/informatikaprodeti.cz\\\/en\\\/#website\",\"url\":\"https:\\\/\\\/informatikaprodeti.cz\\\/en\\\/\",\"name\":\"EDUKRO, z. s. | Informatika pro d\u011bti\",\"description\":\"Krou\u017eek informatiky, p\u0159\u00edprava na p\u0159ij\u00edmac\u00ed zkou\u0161ky a individu\u00e1ln\u00ed p\u0159\u00edprava\",\"publisher\":{\"@id\":\"https:\\\/\\\/informatikaprodeti.cz\\\/en\\\/#organization\"},\"potentialAction\":[{\"@type\":\"SearchAction\",\"target\":{\"@type\":\"EntryPoint\",\"urlTemplate\":\"https:\\\/\\\/informatikaprodeti.cz\\\/en\\\/?s={search_term_string}\"},\"query-input\":{\"@type\":\"PropertyValueSpecification\",\"valueRequired\":true,\"valueName\":\"search_term_string\"}}],\"inLanguage\":\"en-GB\"},{\"@type\":\"Organization\",\"@id\":\"https:\\\/\\\/informatikaprodeti.cz\\\/en\\\/#organization\",\"name\":\"EDUKRO, z. s. | Informatika pro d\u011bti\",\"url\":\"https:\\\/\\\/informatikaprodeti.cz\\\/en\\\/\",\"logo\":{\"@type\":\"ImageObject\",\"inLanguage\":\"en-GB\",\"@id\":\"https:\\\/\\\/informatikaprodeti.cz\\\/en\\\/#\\\/schema\\\/logo\\\/image\\\/\",\"url\":\"https:\\\/\\\/informatikaprodeti.cz\\\/wp-content\\\/uploads\\\/2022\\\/11\\\/IT_logo_TV_3.png\",\"contentUrl\":\"https:\\\/\\\/informatikaprodeti.cz\\\/wp-content\\\/uploads\\\/2022\\\/11\\\/IT_logo_TV_3.png\",\"width\":825,\"height\":226,\"caption\":\"EDUKRO, z. s. | Informatika pro d\u011bti\"},\"image\":{\"@id\":\"https:\\\/\\\/informatikaprodeti.cz\\\/en\\\/#\\\/schema\\\/logo\\\/image\\\/\"},\"sameAs\":[\"https:\\\/\\\/www.facebook.com\\\/informatikaprodeti\\\/\"]}]}<\/script>\n<!-- \/ Yoast SEO plugin. -->","yoast_head_json":{"title":"EDUKRO, z. s. | Informatika pro d\u011bti v Krom\u011b\u0159\u00ed\u017ei","description":"Informatika pro d\u011bti nab\u00edz\u00ed krou\u017eky programov\u00e1n\u00ed, p\u0159\u00edpravu na p\u0159ij\u00edmac\u00ed zkou\u0161ky S\u0160 a individu\u00e1ln\u00ed p\u0159\u00edpravu (dou\u010dov\u00e1n\u00ed) \u017e\u00e1k\u016f v Krom\u011b\u0159\u00ed\u017ei.","robots":{"index":"index","follow":"follow","max-snippet":"max-snippet:-1","max-image-preview":"max-image-preview:large","max-video-preview":"max-video-preview:-1"},"canonical":"https:\/\/informatikaprodeti.cz\/en\/krouzek-programovani\/","og_locale":"en_GB","og_type":"article","og_title":"Informatika pro d\u011bti v Krom\u011b\u0159\u00ed\u017ei","og_description":"Informatika pro d\u011bti nab\u00edz\u00ed krou\u017eky programov\u00e1n\u00ed, p\u0159\u00edpravu na p\u0159ij\u00edmac\u00ed zkou\u0161ky S\u0160 a individu\u00e1ln\u00ed p\u0159\u00edpravu (dou\u010dov\u00e1n\u00ed) \u017e\u00e1k\u016f v Krom\u011b\u0159\u00ed\u017ei.","og_url":"https:\/\/informatikaprodeti.cz\/en\/krouzek-programovani\/","og_site_name":"EDUKRO, z. s. | Informatika pro d\u011bti","article_publisher":"https:\/\/www.facebook.com\/informatikaprodeti\/","article_modified_time":"2026-04-21T16:04:43+00:00","og_image":[{"width":1201,"height":629,"url":"https:\/\/informatikaprodeti.cz\/wp-content\/uploads\/2023\/01\/1.png","type":"image\/png"}],"twitter_card":"summary_large_image","twitter_misc":{"Estimated reading time":"3 minutes"},"schema":{"@context":"https:\/\/schema.org","@graph":[{"@type":"WebPage","@id":"https:\/\/informatikaprodeti.cz\/krouzek-programovani\/","url":"https:\/\/informatikaprodeti.cz\/krouzek-programovani\/","name":"EDUKRO, z. s. | Informatika pro d\u011bti v Krom\u011b\u0159\u00ed\u017ei","isPartOf":{"@id":"https:\/\/informatikaprodeti.cz\/en\/#website"},"primaryImageOfPage":{"@id":"https:\/\/informatikaprodeti.cz\/krouzek-programovani\/#primaryimage"},"image":{"@id":"https:\/\/informatikaprodeti.cz\/krouzek-programovani\/#primaryimage"},"thumbnailUrl":"https:\/\/informatikaprodeti.cz\/wp-content\/uploads\/2023\/01\/836b6133-23ee-4688-85d4-4c0fad5cd33d.jpg","datePublished":"2022-03-18T20:18:37+00:00","dateModified":"2026-04-21T16:04:43+00:00","description":"Informatika pro d\u011bti nab\u00edz\u00ed krou\u017eky programov\u00e1n\u00ed, p\u0159\u00edpravu na p\u0159ij\u00edmac\u00ed zkou\u0161ky S\u0160 a individu\u00e1ln\u00ed p\u0159\u00edpravu (dou\u010dov\u00e1n\u00ed) \u017e\u00e1k\u016f v Krom\u011b\u0159\u00ed\u017ei.","breadcrumb":{"@id":"https:\/\/informatikaprodeti.cz\/krouzek-programovani\/#breadcrumb"},"inLanguage":"en-GB","potentialAction":[{"@type":"ReadAction","target":["https:\/\/informatikaprodeti.cz\/krouzek-programovani\/"]}]},{"@type":"ImageObject","inLanguage":"en-GB","@id":"https:\/\/informatikaprodeti.cz\/krouzek-programovani\/#primaryimage","url":"https:\/\/informatikaprodeti.cz\/wp-content\/uploads\/2023\/01\/836b6133-23ee-4688-85d4-4c0fad5cd33d.jpg","contentUrl":"https:\/\/informatikaprodeti.cz\/wp-content\/uploads\/2023\/01\/836b6133-23ee-4688-85d4-4c0fad5cd33d.jpg"},{"@type":"BreadcrumbList","@id":"https:\/\/informatikaprodeti.cz\/krouzek-programovani\/#breadcrumb","itemListElement":[{"@type":"ListItem","position":1,"name":"Dom\u016f","item":"https:\/\/informatikaprodeti.cz\/"},{"@type":"ListItem","position":2,"name":"Krou\u017eek programov\u00e1n\u00ed"}]},{"@type":"WebSite","@id":"https:\/\/informatikaprodeti.cz\/en\/#website","url":"https:\/\/informatikaprodeti.cz\/en\/","name":"EDUKRO, z. s. | Informatika pro d\u011bti","description":"Krou\u017eek informatiky, p\u0159\u00edprava na p\u0159ij\u00edmac\u00ed zkou\u0161ky a individu\u00e1ln\u00ed p\u0159\u00edprava","publisher":{"@id":"https:\/\/informatikaprodeti.cz\/en\/#organization"},"potentialAction":[{"@type":"SearchAction","target":{"@type":"EntryPoint","urlTemplate":"https:\/\/informatikaprodeti.cz\/en\/?s={search_term_string}"},"query-input":{"@type":"PropertyValueSpecification","valueRequired":true,"valueName":"search_term_string"}}],"inLanguage":"en-GB"},{"@type":"Organization","@id":"https:\/\/informatikaprodeti.cz\/en\/#organization","name":"EDUKRO, z. s. | Informatika pro d\u011bti","url":"https:\/\/informatikaprodeti.cz\/en\/","logo":{"@type":"ImageObject","inLanguage":"en-GB","@id":"https:\/\/informatikaprodeti.cz\/en\/#\/schema\/logo\/image\/","url":"https:\/\/informatikaprodeti.cz\/wp-content\/uploads\/2022\/11\/IT_logo_TV_3.png","contentUrl":"https:\/\/informatikaprodeti.cz\/wp-content\/uploads\/2022\/11\/IT_logo_TV_3.png","width":825,"height":226,"caption":"EDUKRO, z. s. | Informatika pro d\u011bti"},"image":{"@id":"https:\/\/informatikaprodeti.cz\/en\/#\/schema\/logo\/image\/"},"sameAs":["https:\/\/www.facebook.com\/informatikaprodeti\/"]}]}},"_links":{"self":[{"href":"https:\/\/informatikaprodeti.cz\/en\/wp-json\/wp\/v2\/pages\/68","targetHints":{"allow":["GET"]}}],"collection":[{"href":"https:\/\/informatikaprodeti.cz\/en\/wp-json\/wp\/v2\/pages"}],"about":[{"href":"https:\/\/informatikaprodeti.cz\/en\/wp-json\/wp\/v2\/types\/page"}],"author":[{"embeddable":true,"href":"https:\/\/informatikaprodeti.cz\/en\/wp-json\/wp\/v2\/users\/1"}],"replies":[{"embeddable":true,"href":"https:\/\/informatikaprodeti.cz\/en\/wp-json\/wp\/v2\/comments?post=68"}],"version-history":[{"count":449,"href":"https:\/\/informatikaprodeti.cz\/en\/wp-json\/wp\/v2\/pages\/68\/revisions"}],"predecessor-version":[{"id":3131,"href":"https:\/\/informatikaprodeti.cz\/en\/wp-json\/wp\/v2\/pages\/68\/revisions\/3131"}],"wp:attachment":[{"href":"https:\/\/informatikaprodeti.cz\/en\/wp-json\/wp\/v2\/media?parent=68"}],"curies":[{"name":"wp","href":"https:\/\/api.w.org\/{rel}","templated":true}]}}