{"id":15,"date":"2022-02-03T21:44:35","date_gmt":"2022-02-03T21:44:35","guid":{"rendered":"https:\/\/informatikaprodeti.cz\/zasady-cookies-eu\/"},"modified":"2023-01-26T20:08:37","modified_gmt":"2023-01-26T20:08:37","slug":"zasady-cookies-eu","status":"publish","type":"page","link":"https:\/\/informatikaprodeti.cz\/en\/zasady-cookies-eu\/","title":{"rendered":"Z\u00e1sady cookies (EU)"},"content":{"rendered":"Region EU not activated for cookie-statement.","protected":false},"excerpt":{"rendered":"","protected":false},"author":1,"featured_media":0,"parent":0,"menu_order":0,"comment_status":"closed","ping_status":"closed","template":"","meta":{"footnotes":"","_links_to":"","_links_to_target":""},"class_list":["post-15","page","type-page","status-publish","hentry"],"yoast_head":"<!-- This site is optimized with the Yoast SEO plugin v25.5 - https:\/\/yoast.com\/wordpress\/plugins\/seo\/ -->\n<title>EDUKRO, z. s. | Informatika pro d\u011bti v Krom\u011b\u0159\u00ed\u017ei<\/title>\n<meta name=\"description\" content=\"Informatika pro d\u011bti nab\u00edz\u00ed krou\u017eky programov\u00e1n\u00ed, p\u0159\u00edpravu na p\u0159ij\u00edmac\u00ed zkou\u0161ky S\u0160 a individu\u00e1ln\u00ed p\u0159\u00edpravu (dou\u010dov\u00e1n\u00ed) \u017e\u00e1k\u016f v Krom\u011b\u0159\u00ed\u017ei.\" \/>\n<meta name=\"robots\" content=\"index, follow, max-snippet:-1, max-image-preview:large, max-video-preview:-1\" \/>\n<link rel=\"canonical\" href=\"https:\/\/informatikaprodeti.cz\/en\/zasady-cookies-eu\/\" \/>\n<meta property=\"og:locale\" content=\"en_GB\" \/>\n<meta property=\"og:type\" content=\"article\" \/>\n<meta property=\"og:title\" content=\"Informatika pro d\u011bti v Krom\u011b\u0159\u00ed\u017ei\" \/>\n<meta property=\"og:description\" content=\"Informatika pro d\u011bti nab\u00edz\u00ed krou\u017eky programov\u00e1n\u00ed, p\u0159\u00edpravu na p\u0159ij\u00edmac\u00ed zkou\u0161ky S\u0160 a individu\u00e1ln\u00ed p\u0159\u00edpravu (dou\u010dov\u00e1n\u00ed) \u017e\u00e1k\u016f v Krom\u011b\u0159\u00ed\u017ei.\" \/>\n<meta property=\"og:url\" content=\"https:\/\/informatikaprodeti.cz\/en\/zasady-cookies-eu\/\" \/>\n<meta property=\"og:site_name\" content=\"EDUKRO, z. s. | Informatika pro d\u011bti\" \/>\n<meta property=\"article:publisher\" content=\"https:\/\/www.facebook.com\/informatikaprodeti\/\" \/>\n<meta property=\"article:modified_time\" content=\"2023-01-26T20:08:37+00:00\" \/>\n<meta property=\"og:image\" content=\"https:\/\/informatikaprodeti.cz\/wp-content\/uploads\/2023\/01\/1.png\" \/>\n\t<meta property=\"og:image:width\" content=\"1201\" \/>\n\t<meta property=\"og:image:height\" content=\"629\" \/>\n\t<meta property=\"og:image:type\" content=\"image\/png\" \/>\n<meta name=\"twitter:card\" content=\"summary_large_image\" \/>\n<meta name=\"twitter:label1\" content=\"Estimated reading time\" \/>\n\t<meta name=\"twitter:data1\" content=\"1 minute\" \/>\n<script type=\"application\/ld+json\" class=\"yoast-schema-graph\">{\"@context\":\"https:\/\/schema.org\",\"@graph\":[{\"@type\":\"WebPage\",\"@id\":\"https:\/\/informatikaprodeti.cz\/zasady-cookies-eu\/\",\"url\":\"https:\/\/informatikaprodeti.cz\/zasady-cookies-eu\/\",\"name\":\"EDUKRO, z. s. | Informatika pro d\u011bti v Krom\u011b\u0159\u00ed\u017ei\",\"isPartOf\":{\"@id\":\"https:\/\/informatikaprodeti.cz\/en\/#website\"},\"datePublished\":\"2022-02-03T21:44:35+00:00\",\"dateModified\":\"2023-01-26T20:08:37+00:00\",\"description\":\"Informatika pro d\u011bti nab\u00edz\u00ed krou\u017eky programov\u00e1n\u00ed, p\u0159\u00edpravu na p\u0159ij\u00edmac\u00ed zkou\u0161ky S\u0160 a individu\u00e1ln\u00ed p\u0159\u00edpravu (dou\u010dov\u00e1n\u00ed) \u017e\u00e1k\u016f v Krom\u011b\u0159\u00ed\u017ei.\",\"breadcrumb\":{\"@id\":\"https:\/\/informatikaprodeti.cz\/zasady-cookies-eu\/#breadcrumb\"},\"inLanguage\":\"en-GB\",\"potentialAction\":[{\"@type\":\"ReadAction\",\"target\":[\"https:\/\/informatikaprodeti.cz\/zasady-cookies-eu\/\"]}]},{\"@type\":\"BreadcrumbList\",\"@id\":\"https:\/\/informatikaprodeti.cz\/zasady-cookies-eu\/#breadcrumb\",\"itemListElement\":[{\"@type\":\"ListItem\",\"position\":1,\"name\":\"Dom\u016f\",\"item\":\"https:\/\/informatikaprodeti.cz\/\"},{\"@type\":\"ListItem\",\"position\":2,\"name\":\"Z\u00e1sady cookies (EU)\"}]},{\"@type\":\"WebSite\",\"@id\":\"https:\/\/informatikaprodeti.cz\/en\/#website\",\"url\":\"https:\/\/informatikaprodeti.cz\/en\/\",\"name\":\"EDUKRO, z. s. | Informatika pro d\u011bti\",\"description\":\"Krou\u017eek informatiky, p\u0159\u00edprava na p\u0159ij\u00edmac\u00ed zkou\u0161ky a individu\u00e1ln\u00ed p\u0159\u00edprava\",\"publisher\":{\"@id\":\"https:\/\/informatikaprodeti.cz\/en\/#organization\"},\"potentialAction\":[{\"@type\":\"SearchAction\",\"target\":{\"@type\":\"EntryPoint\",\"urlTemplate\":\"https:\/\/informatikaprodeti.cz\/en\/?s={search_term_string}\"},\"query-input\":{\"@type\":\"PropertyValueSpecification\",\"valueRequired\":true,\"valueName\":\"search_term_string\"}}],\"inLanguage\":\"en-GB\"},{\"@type\":\"Organization\",\"@id\":\"https:\/\/informatikaprodeti.cz\/en\/#organization\",\"name\":\"EDUKRO, z. s. | Informatika pro d\u011bti\",\"url\":\"https:\/\/informatikaprodeti.cz\/en\/\",\"logo\":{\"@type\":\"ImageObject\",\"inLanguage\":\"en-GB\",\"@id\":\"https:\/\/informatikaprodeti.cz\/en\/#\/schema\/logo\/image\/\",\"url\":\"https:\/\/informatikaprodeti.cz\/wp-content\/uploads\/2022\/11\/IT_logo_TV_3.png\",\"contentUrl\":\"https:\/\/informatikaprodeti.cz\/wp-content\/uploads\/2022\/11\/IT_logo_TV_3.png\",\"width\":825,\"height\":226,\"caption\":\"EDUKRO, z. s. | Informatika pro d\u011bti\"},\"image\":{\"@id\":\"https:\/\/informatikaprodeti.cz\/en\/#\/schema\/logo\/image\/\"},\"sameAs\":[\"https:\/\/www.facebook.com\/informatikaprodeti\/\"]}]}<\/script>\n<!-- \/ Yoast SEO plugin. -->","yoast_head_json":{"title":"EDUKRO, z. s. | Informatika pro d\u011bti v Krom\u011b\u0159\u00ed\u017ei","description":"Informatika pro d\u011bti nab\u00edz\u00ed krou\u017eky programov\u00e1n\u00ed, p\u0159\u00edpravu na p\u0159ij\u00edmac\u00ed zkou\u0161ky S\u0160 a individu\u00e1ln\u00ed p\u0159\u00edpravu (dou\u010dov\u00e1n\u00ed) \u017e\u00e1k\u016f v Krom\u011b\u0159\u00ed\u017ei.","robots":{"index":"index","follow":"follow","max-snippet":"max-snippet:-1","max-image-preview":"max-image-preview:large","max-video-preview":"max-video-preview:-1"},"canonical":"https:\/\/informatikaprodeti.cz\/en\/zasady-cookies-eu\/","og_locale":"en_GB","og_type":"article","og_title":"Informatika pro d\u011bti v Krom\u011b\u0159\u00ed\u017ei","og_description":"Informatika pro d\u011bti nab\u00edz\u00ed krou\u017eky programov\u00e1n\u00ed, p\u0159\u00edpravu na p\u0159ij\u00edmac\u00ed zkou\u0161ky S\u0160 a individu\u00e1ln\u00ed p\u0159\u00edpravu (dou\u010dov\u00e1n\u00ed) \u017e\u00e1k\u016f v Krom\u011b\u0159\u00ed\u017ei.","og_url":"https:\/\/informatikaprodeti.cz\/en\/zasady-cookies-eu\/","og_site_name":"EDUKRO, z. s. | Informatika pro d\u011bti","article_publisher":"https:\/\/www.facebook.com\/informatikaprodeti\/","article_modified_time":"2023-01-26T20:08:37+00:00","og_image":[{"width":1201,"height":629,"url":"https:\/\/informatikaprodeti.cz\/wp-content\/uploads\/2023\/01\/1.png","type":"image\/png"}],"twitter_card":"summary_large_image","twitter_misc":{"Estimated reading time":"1 minute"},"schema":{"@context":"https:\/\/schema.org","@graph":[{"@type":"WebPage","@id":"https:\/\/informatikaprodeti.cz\/zasady-cookies-eu\/","url":"https:\/\/informatikaprodeti.cz\/zasady-cookies-eu\/","name":"EDUKRO, z. s. | Informatika pro d\u011bti v Krom\u011b\u0159\u00ed\u017ei","isPartOf":{"@id":"https:\/\/informatikaprodeti.cz\/en\/#website"},"datePublished":"2022-02-03T21:44:35+00:00","dateModified":"2023-01-26T20:08:37+00:00","description":"Informatika pro d\u011bti nab\u00edz\u00ed krou\u017eky programov\u00e1n\u00ed, p\u0159\u00edpravu na p\u0159ij\u00edmac\u00ed zkou\u0161ky S\u0160 a individu\u00e1ln\u00ed p\u0159\u00edpravu (dou\u010dov\u00e1n\u00ed) \u017e\u00e1k\u016f v Krom\u011b\u0159\u00ed\u017ei.","breadcrumb":{"@id":"https:\/\/informatikaprodeti.cz\/zasady-cookies-eu\/#breadcrumb"},"inLanguage":"en-GB","potentialAction":[{"@type":"ReadAction","target":["https:\/\/informatikaprodeti.cz\/zasady-cookies-eu\/"]}]},{"@type":"BreadcrumbList","@id":"https:\/\/informatikaprodeti.cz\/zasady-cookies-eu\/#breadcrumb","itemListElement":[{"@type":"ListItem","position":1,"name":"Dom\u016f","item":"https:\/\/informatikaprodeti.cz\/"},{"@type":"ListItem","position":2,"name":"Z\u00e1sady cookies (EU)"}]},{"@type":"WebSite","@id":"https:\/\/informatikaprodeti.cz\/en\/#website","url":"https:\/\/informatikaprodeti.cz\/en\/","name":"EDUKRO, z. s. | Informatika pro d\u011bti","description":"Krou\u017eek informatiky, p\u0159\u00edprava na p\u0159ij\u00edmac\u00ed zkou\u0161ky a individu\u00e1ln\u00ed p\u0159\u00edprava","publisher":{"@id":"https:\/\/informatikaprodeti.cz\/en\/#organization"},"potentialAction":[{"@type":"SearchAction","target":{"@type":"EntryPoint","urlTemplate":"https:\/\/informatikaprodeti.cz\/en\/?s={search_term_string}"},"query-input":{"@type":"PropertyValueSpecification","valueRequired":true,"valueName":"search_term_string"}}],"inLanguage":"en-GB"},{"@type":"Organization","@id":"https:\/\/informatikaprodeti.cz\/en\/#organization","name":"EDUKRO, z. s. | Informatika pro d\u011bti","url":"https:\/\/informatikaprodeti.cz\/en\/","logo":{"@type":"ImageObject","inLanguage":"en-GB","@id":"https:\/\/informatikaprodeti.cz\/en\/#\/schema\/logo\/image\/","url":"https:\/\/informatikaprodeti.cz\/wp-content\/uploads\/2022\/11\/IT_logo_TV_3.png","contentUrl":"https:\/\/informatikaprodeti.cz\/wp-content\/uploads\/2022\/11\/IT_logo_TV_3.png","width":825,"height":226,"caption":"EDUKRO, z. s. | Informatika pro d\u011bti"},"image":{"@id":"https:\/\/informatikaprodeti.cz\/en\/#\/schema\/logo\/image\/"},"sameAs":["https:\/\/www.facebook.com\/informatikaprodeti\/"]}]}},"_links":{"self":[{"href":"https:\/\/informatikaprodeti.cz\/en\/wp-json\/wp\/v2\/pages\/15","targetHints":{"allow":["GET"]}}],"collection":[{"href":"https:\/\/informatikaprodeti.cz\/en\/wp-json\/wp\/v2\/pages"}],"about":[{"href":"https:\/\/informatikaprodeti.cz\/en\/wp-json\/wp\/v2\/types\/page"}],"author":[{"embeddable":true,"href":"https:\/\/informatikaprodeti.cz\/en\/wp-json\/wp\/v2\/users\/1"}],"replies":[{"embeddable":true,"href":"https:\/\/informatikaprodeti.cz\/en\/wp-json\/wp\/v2\/comments?post=15"}],"version-history":[{"count":1,"href":"https:\/\/informatikaprodeti.cz\/en\/wp-json\/wp\/v2\/pages\/15\/revisions"}],"predecessor-version":[{"id":1138,"href":"https:\/\/informatikaprodeti.cz\/en\/wp-json\/wp\/v2\/pages\/15\/revisions\/1138"}],"wp:attachment":[{"href":"https:\/\/informatikaprodeti.cz\/en\/wp-json\/wp\/v2\/media?parent=15"}],"curies":[{"name":"wp","href":"https:\/\/api.w.org\/{rel}","templated":true}]}}